{"id":3314,"date":"2023-09-19T07:33:32","date_gmt":"2023-09-19T07:33:32","guid":{"rendered":"https:\/\/www.mercepomar.com\/services\/"},"modified":"2024-02-29T09:30:23","modified_gmt":"2024-02-29T09:30:23","slug":"available-services","status":"publish","type":"page","link":"https:\/\/www.mercepomar.com\/en\/available-services\/","title":{"rendered":"Services"},"content":{"rendered":"\t\t<div data-elementor-type=\"wp-page\" data-elementor-id=\"3314\" class=\"elementor elementor-3314 elementor-2320\" data-elementor-post-type=\"page\">\n\t\t\t\t\t\t<section class=\"elementor-section elementor-top-section elementor-element elementor-element-a3b9702 elementor-section-full_width services-block elementor-section-height-default elementor-section-height-default\" data-id=\"a3b9702\" data-element_type=\"section\" data-settings=\"{&quot;background_background&quot;:&quot;classic&quot;}\">\n\t\t\t\t\t\t<div class=\"elementor-container elementor-column-gap-no\">\n\t\t\t\t\t<div class=\"elementor-column elementor-col-100 elementor-top-column elementor-element elementor-element-133afe8\" data-id=\"133afe8\" data-element_type=\"column\">\n\t\t\t<div class=\"elementor-widget-wrap elementor-element-populated\">\n\t\t\t\t\t\t<div class=\"elementor-element elementor-element-56cb628 elementor-hidden-desktop elementor-hidden-tablet elementor-hidden-mobile elementor-widget elementor-widget-heading\" data-id=\"56cb628\" data-element_type=\"widget\" data-widget_type=\"heading.default\">\n\t\t\t\t<div class=\"elementor-widget-container\">\n\t\t\t<style>\/*! elementor - v3.23.0 - 15-07-2024 *\/\n.elementor-heading-title{padding:0;margin:0;line-height:1}.elementor-widget-heading .elementor-heading-title[class*=elementor-size-]>a{color:inherit;font-size:inherit;line-height:inherit}.elementor-widget-heading .elementor-heading-title.elementor-size-small{font-size:15px}.elementor-widget-heading .elementor-heading-title.elementor-size-medium{font-size:19px}.elementor-widget-heading .elementor-heading-title.elementor-size-large{font-size:29px}.elementor-widget-heading .elementor-heading-title.elementor-size-xl{font-size:39px}.elementor-widget-heading .elementor-heading-title.elementor-size-xxl{font-size:59px}<\/style><h1 class=\"elementor-heading-title elementor-size-default\">Services<\/h1>\t\t<\/div>\n\t\t\t\t<\/div>\n\t\t\t\t<div class=\"elementor-element elementor-element-5e62d4d elementor-align-center servicios-merce-pomar elementor-widget elementor-widget-boomdevs-service-post\" data-id=\"5e62d4d\" data-element_type=\"widget\" data-widget_type=\"boomdevs-service-post.default\">\n\t\t\t\t<div class=\"elementor-widget-container\">\n\t\t\t  <div class=\"service-area style-2\">\r\n  \t\t\r\n    <div class=\"container\">\r\n\t\t      \t<div class=\"row justify-content-center\">\r\n        \t<div class=\"col-lg-12\">\r\n          \t\t<div class=\"section-title style-two\">\r\n\t\t\t\t\t\t\t\t\t<h2 class=\"title text-start\">\r\n\t\t\t\t\t\t \r\n\t\t\t\t\t\t<span class=\"under-line\">\r\n\t\t\t\t\t\t\tHow can I help you? \r\n\t\t\t\t\t\t\t\t\t\t\t\t\t<\/span> \r\n\t\t\t\t\t\t\t\t\t\t\t<\/h2>\r\n\t\t\t\t\r\n\t\t\t\t\t\t\t\t\t<p class=\"desc text-center text-md-start\">At our private mediation centre, we offer a wide range of services to help you resolve disputes effectively and efficiently. <\/p>\r\n\t\t\t\t          \t<\/div>\r\n        <\/div>\r\n      <\/div>\r\n\t\t\t\t\r\n\r\n      <div class=\"row\">\r\n\t\t\r\n\t\t\t\t\t<div class=\"col-12 col-md-6 col-lg-4\">\r\n\t\t\t\t\t\t<div class=\"icon-card style-six\">\r\n\t\t\t\t\t\t<a href=\"https:\/\/www.mercepomar.com\/en\/services\/mediation-and-conciliation\/\" class=\"icon\">\r\n\t\t\t\t\t\t\t<span class=\"icon-color\"><\/span>\r\n\t\t\t\t\t\t\t<i class=\"icon-commitment\"><\/i>\r\n\t\t\t\t\t\t<\/a>\r\n\t\t\t\t\t\t<div class=\"content\">\r\n\t\t\t\t\t\t\t<a href=\"https:\/\/www.mercepomar.com\/en\/services\/mediation-and-conciliation\/\"><h5 class=\"title\">Mediation and conciliation<\/h5><\/a>\r\n\t\t\t\t\t\t\t<p class=\"desc\">\r\n\t\t\t\t\t\t\t\tMediation and conciliation are two alternative dispute resolution methods that seek to facilitate dialogue and agreement between the parties involved.\t\t\t\t\t\t\t<\/p>\r\n\t\t\t\t\t\t\t<p>\r\n\t\t\t\t\t\t\t<a style=\"margin-top: 30px;font-size: 0.9em;text-transform: none;\" class=\"theme-btn style-three\" href=\"https:\/\/www.mercepomar.com\/en\/services\/mediation-and-conciliation\/\">See more<\/a>\r\n\t\t\t\t\t\t\t<\/p>\r\n\t\t\t\t\t\t<\/div>\r\n\t\t\t\t\t\t<\/div>\r\n\t\t\t\t\t<\/div>\r\n\t\t\t\t\r\n\t\t\t\t\t<div class=\"col-12 col-md-6 col-lg-4\">\r\n\t\t\t\t\t\t<div class=\"icon-card style-six\">\r\n\t\t\t\t\t\t<a href=\"https:\/\/www.mercepomar.com\/en\/services\/legal-space\/\" class=\"icon\">\r\n\t\t\t\t\t\t\t<span class=\"icon-color\"><\/span>\r\n\t\t\t\t\t\t\t<i class=\"fa-thin fa-scale-balanced\"><\/i>\r\n\t\t\t\t\t\t<\/a>\r\n\t\t\t\t\t\t<div class=\"content\">\r\n\t\t\t\t\t\t\t<a href=\"https:\/\/www.mercepomar.com\/en\/services\/legal-space\/\"><h5 class=\"title\">Legal space<\/h5><\/a>\r\n\t\t\t\t\t\t\t<p class=\"desc\">\r\n\t\t\t\t\t\t\t\tWe accompany our clients through all phases of the life cycle concerned with the necessary multidisciplinary approach.\t\t\t\t\t\t\t<\/p>\r\n\t\t\t\t\t\t\t<p>\r\n\t\t\t\t\t\t\t<a style=\"margin-top: 30px;font-size: 0.9em;text-transform: none;\" class=\"theme-btn style-three\" href=\"https:\/\/www.mercepomar.com\/en\/services\/legal-space\/\">See more<\/a>\r\n\t\t\t\t\t\t\t<\/p>\r\n\t\t\t\t\t\t<\/div>\r\n\t\t\t\t\t\t<\/div>\r\n\t\t\t\t\t<\/div>\r\n\t\t\t\t\r\n\t\t\t\t\t<div class=\"col-12 col-md-6 col-lg-4\">\r\n\t\t\t\t\t\t<div class=\"icon-card style-six\">\r\n\t\t\t\t\t\t<a href=\"https:\/\/www.mercepomar.com\/en\/services\/coaching-space\/\" class=\"icon\">\r\n\t\t\t\t\t\t\t<span class=\"icon-color\"><\/span>\r\n\t\t\t\t\t\t\t<i class=\"icon-human-resources\"><\/i>\r\n\t\t\t\t\t\t<\/a>\r\n\t\t\t\t\t\t<div class=\"content\">\r\n\t\t\t\t\t\t\t<a href=\"https:\/\/www.mercepomar.com\/en\/services\/coaching-space\/\"><h5 class=\"title\">Coaching space<\/h5><\/a>\r\n\t\t\t\t\t\t\t<p class=\"desc\">\r\n\t\t\t\t\t\t\t\tDynamics of self-awareness, goal setting, elaboration and implementation of action plans, acting as a facilitating element that favours a dynamic of personal transformation and change.\t\t\t\t\t\t\t<\/p>\r\n\t\t\t\t\t\t\t<p>\r\n\t\t\t\t\t\t\t<a style=\"margin-top: 30px;font-size: 0.9em;text-transform: none;\" class=\"theme-btn style-three\" href=\"https:\/\/www.mercepomar.com\/en\/services\/coaching-space\/\">See more<\/a>\r\n\t\t\t\t\t\t\t<\/p>\r\n\t\t\t\t\t\t<\/div>\r\n\t\t\t\t\t\t<\/div>\r\n\t\t\t\t\t<\/div>\r\n\t\t\t\t\r\n\t\t\t\t\t<div class=\"col-12 col-md-6 col-lg-4\">\r\n\t\t\t\t\t\t<div class=\"icon-card style-six\">\r\n\t\t\t\t\t\t<a href=\"https:\/\/www.mercepomar.com\/en\/services\/training-area\/\" class=\"icon\">\r\n\t\t\t\t\t\t\t<span class=\"icon-color\"><\/span>\r\n\t\t\t\t\t\t\t<i class=\"icon-process-development\"><\/i>\r\n\t\t\t\t\t\t<\/a>\r\n\t\t\t\t\t\t<div class=\"content\">\r\n\t\t\t\t\t\t\t<a href=\"https:\/\/www.mercepomar.com\/en\/services\/training-area\/\"><h5 class=\"title\">Training area<\/h5><\/a>\r\n\t\t\t\t\t\t\t<p class=\"desc\">\r\n\t\t\t\t\t\t\t\tIn our space, we design each training as a big project with an objective and a methodology, although it is the participants who ultimately determine how it evolves and how it develops.\t\t\t\t\t\t\t<\/p>\r\n\t\t\t\t\t\t\t<p>\r\n\t\t\t\t\t\t\t<a style=\"margin-top: 30px;font-size: 0.9em;text-transform: none;\" class=\"theme-btn style-three\" href=\"https:\/\/www.mercepomar.com\/en\/services\/training-area\/\">See more<\/a>\r\n\t\t\t\t\t\t\t<\/p>\r\n\t\t\t\t\t\t<\/div>\r\n\t\t\t\t\t\t<\/div>\r\n\t\t\t\t\t<\/div>\r\n\t\t\t\t\r\n      <\/div>\r\n    <\/div>\r\n  <\/div>\r\n\r\n  \t\t\t\r\n\t\t\t<\/div>\n\t\t\t\t<\/div>\n\t\t\t\t\t<\/div>\n\t\t<\/div>\n\t\t\t\t\t<\/div>\n\t\t<\/section>\n\t\t\t\t<section class=\"elementor-section elementor-top-section elementor-element elementor-element-871f8fe elementor-section-full_width elementor-section-height-default elementor-section-height-default\" data-id=\"871f8fe\" data-element_type=\"section\">\n\t\t\t\t\t\t<div class=\"elementor-container elementor-column-gap-no\">\n\t\t\t\t\t<div class=\"elementor-column elementor-col-100 elementor-top-column elementor-element elementor-element-accf540\" data-id=\"accf540\" data-element_type=\"column\">\n\t\t\t<div class=\"elementor-widget-wrap elementor-element-populated\">\n\t\t\t\t\t\t<div class=\"elementor-element elementor-element-98ec016 elementor-align-left elementor-widget elementor-widget-bdevs-blog-post\" data-id=\"98ec016\" data-element_type=\"widget\" data-widget_type=\"bdevs-blog-post.default\">\n\t\t\t\t<div class=\"elementor-widget-container\">\n\t\t\t\t\t\t<div class=\"latest-posts-area style-2\">\r\n\t\t\t\t\t\t\t\t<div class=\"container\">\r\n\t\t\t\t\t\t\t\t\t\t<div class=\"row\">\r\n\t\t\t\t\t\t<div class=\"col-lg-12\">\r\n\t\t\t\t\t\t\t<div class=\"section-title style-two mb-64 align-items-start align-items-lg-center \">\r\n\t\t\t\t\t\t\t\t\t\t\t\t\t\t\t\t\t<h2 class=\"title text-start\">\r\n\t\t\t\t\t\t\t\t\t\tNews<br \/>and updates                            \t\t\t<span class=\"under-line\"> \r\n\t\t\t\t\t\t\t\t\t\t\t \r\n\t\t\t\t\t\t\t\t\t\t\t\t\t\t\t\t\t\t\t\t\t<\/span>\r\n\t\t\t\t\t\t\t\t\t\t                        \t\t\t<\/h2>\r\n\t\t\t\t\t\t\t\t\r\n\t\t\t\t\t\t\t\t\t\t\t\t\t\t\t\t\t<div>\r\n\t\t\t\t\t\t\t\t\t\t<a href=\"\/en\/news\/\" target=\"_blank\" class=\"theme-btn\">View more news<\/a>\r\n\t\t\t\t\t\t\t\t\t<\/div>\r\n\t\t\t\t\t\t\t\t\t\t\t\t\t\t\t<\/div>\r\n\t\t\t\t\t\t<\/div>\r\n\t\t\t\t\t<\/div>\r\n\t\t\t\t\t\t\t\t\t\t<div class=\"row\">\r\n\t\t\t\t\t \r\n\t\t\t\t\t<\/div>\r\n\t\t\t\t<\/div>\r\n\t\t\t<\/div>\r\n\r\n\t\t\t\t\t<\/div>\n\t\t\t\t<\/div>\n\t\t\t\t<div class=\"elementor-element elementor-element-ebdbd93 elementor-grid-3 elementor-grid-tablet-2 elementor-grid-mobile-1 elementor-posts--thumbnail-top elementor-card-shadow-yes elementor-posts__hover-gradient elementor-widget elementor-widget-posts\" data-id=\"ebdbd93\" data-element_type=\"widget\" data-settings=\"{&quot;pagination_type&quot;:&quot;numbers&quot;,&quot;cards_columns&quot;:&quot;3&quot;,&quot;cards_columns_tablet&quot;:&quot;2&quot;,&quot;cards_columns_mobile&quot;:&quot;1&quot;,&quot;cards_row_gap&quot;:{&quot;unit&quot;:&quot;px&quot;,&quot;size&quot;:35,&quot;sizes&quot;:[]},&quot;cards_row_gap_tablet&quot;:{&quot;unit&quot;:&quot;px&quot;,&quot;size&quot;:&quot;&quot;,&quot;sizes&quot;:[]},&quot;cards_row_gap_mobile&quot;:{&quot;unit&quot;:&quot;px&quot;,&quot;size&quot;:&quot;&quot;,&quot;sizes&quot;:[]}}\" data-widget_type=\"posts.cards\">\n\t\t\t\t<div class=\"elementor-widget-container\">\n\t\t\t<link rel=\"stylesheet\" href=\"https:\/\/www.mercepomar.com\/wp-content\/plugins\/elementor-pro\/assets\/css\/widget-posts.min.css\">\t\t<div class=\"elementor-posts-container elementor-posts elementor-posts--skin-cards elementor-grid\">\n\t\t\t\t<article class=\"elementor-post elementor-grid-item post-5002 post type-post status-publish format-standard has-post-thumbnail hentry category-news\">\n\t\t\t<div class=\"elementor-post__card\">\n\t\t\t\t<a class=\"elementor-post__thumbnail__link\" href=\"https:\/\/www.mercepomar.com\/en\/the-challenge-of-raising-digital-children\/\" tabindex=\"-1\" ><div class=\"elementor-post__thumbnail\"><img fetchpriority=\"high\" decoding=\"async\" width=\"1797\" height=\"1199\" src=\"https:\/\/www.mercepomar.com\/wp-content\/uploads\/2024\/02\/educar-hijos-digitalmente-2.jpg\" class=\"attachment-full size-full wp-image-5013\" alt=\"Educar hijos digitalmente 2\" srcset=\"https:\/\/www.mercepomar.com\/wp-content\/uploads\/2024\/02\/educar-hijos-digitalmente-2.jpg 1797w, https:\/\/www.mercepomar.com\/wp-content\/uploads\/2024\/02\/educar-hijos-digitalmente-2-300x200.jpg 300w, https:\/\/www.mercepomar.com\/wp-content\/uploads\/2024\/02\/educar-hijos-digitalmente-2-1024x683.jpg 1024w, https:\/\/www.mercepomar.com\/wp-content\/uploads\/2024\/02\/educar-hijos-digitalmente-2-768x512.jpg 768w, https:\/\/www.mercepomar.com\/wp-content\/uploads\/2024\/02\/educar-hijos-digitalmente-2-1536x1025.jpg 1536w\" sizes=\"(max-width: 1797px) 100vw, 1797px\" \/><\/div><\/a>\n\t\t\t\t<div class=\"elementor-post__text\">\n\t\t\t\t<h3 class=\"elementor-post__title\">\n\t\t\t<a href=\"https:\/\/www.mercepomar.com\/en\/the-challenge-of-raising-digital-children\/\" >\n\t\t\t\tThe challenge of raising digital children.\t\t\t<\/a>\n\t\t<\/h3>\n\t\t\t\t<div class=\"elementor-post__excerpt\">\n\t\t\t<p>September sees the start of the new school year and all that that entails. This<\/p>\n\t\t<\/div>\n\t\t\t\t\t<div class=\"elementor-post__read-more-wrapper\">\n\t\t\n\t\t<a class=\"elementor-post__read-more\" href=\"https:\/\/www.mercepomar.com\/en\/the-challenge-of-raising-digital-children\/\" aria-label=\"Read more about The challenge of raising digital children.\" tabindex=\"-1\" >\n\t\t\tRead more &gt;\t\t<\/a>\n\n\t\t\t\t\t<\/div>\n\t\t\t\t<\/div>\n\t\t\t\t\t<\/div>\n\t\t<\/article>\n\t\t\t\t<article class=\"elementor-post elementor-grid-item post-5135 post type-post status-publish format-standard has-post-thumbnail hentry category-news\">\n\t\t\t<div class=\"elementor-post__card\">\n\t\t\t\t<a class=\"elementor-post__thumbnail__link\" href=\"https:\/\/www.mercepomar.com\/en\/teenagers-hooked-on-pornography\/\" tabindex=\"-1\" ><div class=\"elementor-post__thumbnail\"><img decoding=\"async\" width=\"1500\" height=\"1000\" src=\"https:\/\/www.mercepomar.com\/wp-content\/uploads\/2024\/02\/adolescentes-enganchados-pornografia.jpg\" class=\"attachment-full size-full wp-image-5134\" alt=\"Adolescentes enganchados pornografia\" srcset=\"https:\/\/www.mercepomar.com\/wp-content\/uploads\/2024\/02\/adolescentes-enganchados-pornografia.jpg 1500w, https:\/\/www.mercepomar.com\/wp-content\/uploads\/2024\/02\/adolescentes-enganchados-pornografia-300x200.jpg 300w, https:\/\/www.mercepomar.com\/wp-content\/uploads\/2024\/02\/adolescentes-enganchados-pornografia-1024x683.jpg 1024w, https:\/\/www.mercepomar.com\/wp-content\/uploads\/2024\/02\/adolescentes-enganchados-pornografia-768x512.jpg 768w\" sizes=\"(max-width: 1500px) 100vw, 1500px\" \/><\/div><\/a>\n\t\t\t\t<div class=\"elementor-post__text\">\n\t\t\t\t<h3 class=\"elementor-post__title\">\n\t\t\t<a href=\"https:\/\/www.mercepomar.com\/en\/teenagers-hooked-on-pornography\/\" >\n\t\t\t\tTeenagers hooked on pornography?\t\t\t<\/a>\n\t\t<\/h3>\n\t\t\t\t<div class=\"elementor-post__excerpt\">\n\t\t\t<p>Is there such a thing as pornography addiction? Is the increasing prevalence of pornography use<\/p>\n\t\t<\/div>\n\t\t\t\t\t<div class=\"elementor-post__read-more-wrapper\">\n\t\t\n\t\t<a class=\"elementor-post__read-more\" href=\"https:\/\/www.mercepomar.com\/en\/teenagers-hooked-on-pornography\/\" aria-label=\"Read more about Teenagers hooked on pornography?\" tabindex=\"-1\" >\n\t\t\tRead more &gt;\t\t<\/a>\n\n\t\t\t\t\t<\/div>\n\t\t\t\t<\/div>\n\t\t\t\t\t<\/div>\n\t\t<\/article>\n\t\t\t\t<article class=\"elementor-post elementor-grid-item post-5035 post type-post status-publish format-standard has-post-thumbnail hentry category-news\">\n\t\t\t<div class=\"elementor-post__card\">\n\t\t\t\t<a class=\"elementor-post__thumbnail__link\" href=\"https:\/\/www.mercepomar.com\/en\/we-take-a-critical-look-at-adolescent-suicide-prevention\/\" tabindex=\"-1\" ><div class=\"elementor-post__thumbnail\"><img decoding=\"async\" width=\"1280\" height=\"914\" src=\"https:\/\/www.mercepomar.com\/wp-content\/uploads\/2024\/02\/prevencion-suicidio.jpg\" class=\"attachment-full size-full wp-image-5041\" alt=\"Prevenci\u00f3n suicidio adolescentes\" srcset=\"https:\/\/www.mercepomar.com\/wp-content\/uploads\/2024\/02\/prevencion-suicidio.jpg 1280w, https:\/\/www.mercepomar.com\/wp-content\/uploads\/2024\/02\/prevencion-suicidio-300x214.jpg 300w, https:\/\/www.mercepomar.com\/wp-content\/uploads\/2024\/02\/prevencion-suicidio-1024x731.jpg 1024w, https:\/\/www.mercepomar.com\/wp-content\/uploads\/2024\/02\/prevencion-suicidio-768x548.jpg 768w\" sizes=\"(max-width: 1280px) 100vw, 1280px\" \/><\/div><\/a>\n\t\t\t\t<div class=\"elementor-post__text\">\n\t\t\t\t<h3 class=\"elementor-post__title\">\n\t\t\t<a href=\"https:\/\/www.mercepomar.com\/en\/we-take-a-critical-look-at-adolescent-suicide-prevention\/\" >\n\t\t\t\tWe take a critical look at adolescent suicide prevention.\t\t\t<\/a>\n\t\t<\/h3>\n\t\t\t\t<div class=\"elementor-post__excerpt\">\n\t\t\t<p>Mediation is an alternative conflict management tool that takes into account the situation of the<\/p>\n\t\t<\/div>\n\t\t\t\t\t<div class=\"elementor-post__read-more-wrapper\">\n\t\t\n\t\t<a class=\"elementor-post__read-more\" href=\"https:\/\/www.mercepomar.com\/en\/we-take-a-critical-look-at-adolescent-suicide-prevention\/\" aria-label=\"Read more about We take a critical look at adolescent suicide prevention.\" tabindex=\"-1\" >\n\t\t\tRead more &gt;\t\t<\/a>\n\n\t\t\t\t\t<\/div>\n\t\t\t\t<\/div>\n\t\t\t\t\t<\/div>\n\t\t<\/article>\n\t\t\t\t<\/div>\n\t\t\n\t\t\t\t<div class=\"e-load-more-anchor\" data-page=\"1\" data-max-page=\"5\" data-next-page=\"https:\/\/www.mercepomar.com\/en\/wp-json\/wp\/v2\/pages\/3314\/page\/2\/\"><\/div>\n\t\t\t\t<nav class=\"elementor-pagination\" aria-label=\"Pagination\">\n\t\t\t<span aria-current=\"page\" class=\"page-numbers current\"><span class=\"elementor-screen-only\">Page<\/span>1<\/span>\n<a class=\"page-numbers\" href=\"https:\/\/www.mercepomar.com\/en\/wp-json\/wp\/v2\/pages\/3314\/page\/2\/\"><span class=\"elementor-screen-only\">Page<\/span>2<\/a>\n<a class=\"page-numbers\" href=\"https:\/\/www.mercepomar.com\/en\/wp-json\/wp\/v2\/pages\/3314\/page\/3\/\"><span class=\"elementor-screen-only\">Page<\/span>3<\/a>\n<a class=\"page-numbers\" href=\"https:\/\/www.mercepomar.com\/en\/wp-json\/wp\/v2\/pages\/3314\/page\/4\/\"><span class=\"elementor-screen-only\">Page<\/span>4<\/a>\t\t<\/nav>\n\t\t\t\t<\/div>\n\t\t\t\t<\/div>\n\t\t\t\t\t<\/div>\n\t\t<\/div>\n\t\t\t\t\t<\/div>\n\t\t<\/section>\n\t\t\t\t<section class=\"elementor-section elementor-top-section elementor-element elementor-element-d17515e elementor-section-full_width elementor-section-stretched elementor-section-height-default elementor-section-height-default\" data-id=\"d17515e\" data-element_type=\"section\" data-settings=\"{&quot;background_background&quot;:&quot;classic&quot;,&quot;stretch_section&quot;:&quot;section-stretched&quot;}\">\n\t\t\t\t\t\t<div class=\"elementor-container elementor-column-gap-default\">\n\t\t\t\t\t<div class=\"elementor-column elementor-col-100 elementor-top-column elementor-element elementor-element-5f6c758\" data-id=\"5f6c758\" data-element_type=\"column\">\n\t\t\t<div class=\"elementor-widget-wrap elementor-element-populated\">\n\t\t\t\t\t\t<section class=\"elementor-section elementor-inner-section elementor-element elementor-element-e54972d elementor-section-boxed elementor-section-height-default elementor-section-height-default\" data-id=\"e54972d\" data-element_type=\"section\">\n\t\t\t\t\t\t<div class=\"elementor-container elementor-column-gap-wider\">\n\t\t\t\t\t<div class=\"elementor-column elementor-col-100 elementor-inner-column elementor-element elementor-element-bd0d240\" data-id=\"bd0d240\" data-element_type=\"column\">\n\t\t\t<div class=\"elementor-widget-wrap elementor-element-populated\">\n\t\t\t\t\t\t<div class=\"elementor-element elementor-element-2edcc0e elementor-align-left elementor-widget elementor-widget-bdevs-contact\" data-id=\"2edcc0e\" data-element_type=\"widget\" data-widget_type=\"bdevs-contact.default\">\n\t\t\t\t<div class=\"elementor-widget-container\">\n\t\t\t\r\n\t<div class=\"contact-form-area\">\r\n\t\t\t\t\t<div class=\"sketch\" style=\" background-image: url()\"><\/div>\r\n\t\t        \r\n        <div class=\"container\">\r\n            <div class=\"row\">\r\n\r\n\t\t\t\t\t\t\t\t\t<div class=\"col-lg-6\">\r\n\t\t\t\t\t\t<div class=\"section-title\">\t\r\n\t\t\t\t\t\t\t\t\t\t\t\t\t\t\t<h2 class=\"title text-start\">\r\n\t\t\t\t\t\t\t\t\t\t\t\t\t\t\t\t\t\t<span class=\"under-line\"> \r\n\t\t\t\t\t\t\t\t\t\tWould you like to improve your personal or professional life? \r\n\t\t\t\t\t\t\t\t\t\t\t\t\t\t\t\t\t\t\t\t\t<img decoding=\"async\" src=\"\" alt=\"under-line\" \/>\r\n\t\t\t\t\t\t\t\t\t\t\t\t\t\t\t\t\t\t\t<\/span>\r\n\t\t\t\t\t\t\t\t\t\t\t\t\t\t\t\t\t<\/h2>\r\n\t\t\t\t\t\t\t\r\n\t\t\t\t\t\t\t\t\t\t\t\t\t\t\t<p class=\"text-start\"><p>Do you want to learn how to better manage your emotions, your relationships and your goals? If the answer is yes, you're in the right place!\n<p>If you want to know more about me and how I can accompany you in your growth process, I invite you to fill in the contact form below.<\/p> <p>If you want to know more about me and how I can accompany you in your growth process, I invite you to fill in the contact form below.<\/p>\r\n\t\t\t\t\t\t\t\r\n\t\t\t\t\t\t\t\t\t\t\t\t\t<\/div>\r\n\t\t\t\t\t<\/div>\r\n\t\t\t\t\r\n                <div class=\"col-lg-6\">\r\n                    <div class=\"comment-respond style-two mt-48 mt-lg-0\">\r\n                        \n<div class=\"wpcf7 no-js\" id=\"wpcf7-f3546-o1\" lang=\"en-US\" dir=\"ltr\">\n<div class=\"screen-reader-response\"><p role=\"status\" aria-live=\"polite\" aria-atomic=\"true\"><\/p> <ul><\/ul><\/div>\n<form action=\"\/en\/wp-json\/wp\/v2\/pages\/3314#wpcf7-f3546-o1\" method=\"post\" class=\"wpcf7-form init\" aria-label=\"Contact form\" novalidate=\"novalidate\" data-status=\"init\">\n<div style=\"display: none;\">\n<input type=\"hidden\" name=\"_wpcf7\" value=\"3546\" \/>\n<input type=\"hidden\" name=\"_wpcf7_version\" value=\"5.9.7\" \/>\n<input type=\"hidden\" name=\"_wpcf7_locale\" value=\"en_US\" \/>\n<input type=\"hidden\" name=\"_wpcf7_unit_tag\" value=\"wpcf7-f3546-o1\" \/>\n<input type=\"hidden\" name=\"_wpcf7_container_post\" value=\"0\" \/>\n<input type=\"hidden\" name=\"_wpcf7_posted_data_hash\" value=\"\" \/>\n<input type=\"hidden\" name=\"_wpcf7_recaptcha_response\" value=\"\" \/>\n<\/div>\n<p><label> <span class=\"wpcf7-form-control-wrap\" data-name=\"your-name\"><input size=\"40\" maxlength=\"400\" class=\"wpcf7-form-control wpcf7-text wpcf7-validates-as-required\" autocomplete=\"name\" aria-required=\"true\" aria-invalid=\"false\" placeholder=\"Your name\" value=\"\" type=\"text\" name=\"your-name\" \/><\/span> <\/label><br \/>\n<label> <span class=\"wpcf7-form-control-wrap\" data-name=\"your-email\"><input size=\"40\" maxlength=\"400\" class=\"wpcf7-form-control wpcf7-email wpcf7-validates-as-required wpcf7-text wpcf7-validates-as-email\" autocomplete=\"email\" aria-required=\"true\" aria-invalid=\"false\" placeholder=\"Your email address\" value=\"\" type=\"email\" name=\"your-email\" \/><\/span> <\/label><br \/>\n<label> <span class=\"wpcf7-form-control-wrap\" data-name=\"your-phone\"><input size=\"40\" maxlength=\"400\" class=\"wpcf7-form-control wpcf7-tel wpcf7-validates-as-required wpcf7-text wpcf7-validates-as-tel\" aria-required=\"true\" aria-invalid=\"false\" placeholder=\"Phone\" value=\"\" type=\"tel\" name=\"your-phone\" \/><\/span> <\/label><br \/>\n<label> <span class=\"wpcf7-form-control-wrap\" data-name=\"your-message\"><textarea cols=\"40\" rows=\"10\" maxlength=\"2000\" class=\"wpcf7-form-control wpcf7-textarea\" aria-invalid=\"false\" placeholder=\"Your message (optional)\" name=\"your-message\"><\/textarea><\/span> <\/label>\n<\/p>\n<p><span class=\"wpcf7-form-control-wrap\" data-name=\"acceptance-969\"><span class=\"wpcf7-form-control wpcf7-acceptance\"><span class=\"wpcf7-list-item\"><label><input type=\"checkbox\" name=\"acceptance-969\" value=\"1\" aria-invalid=\"false\" \/><span class=\"wpcf7-list-item-label\">I accept <a href=\"\/en\/privacy-statement\/\" target=\"_blank\">privacy policy<\/a> y <a href=\"\/en\/privacy-statement\/\" target=\"_blank\">data protection<\/a><\/span><\/label><\/span><\/span><\/span><br \/>\n<input class=\"wpcf7-form-control wpcf7-submit has-spinner\" type=\"submit\" value=\"Send\" \/>\n<\/p><div class=\"wpcf7-response-output\" aria-hidden=\"true\"><\/div>\n<\/form>\n<\/div>\n                    <\/div>\r\n                <\/div>\r\n            <\/div>\r\n        <\/div>\r\n    <\/div>\r\n\r\n\t\t\t<\/div>\n\t\t\t\t<\/div>\n\t\t\t\t\t<\/div>\n\t\t<\/div>\n\t\t\t\t\t<\/div>\n\t\t<\/section>\n\t\t\t\t\t<\/div>\n\t\t<\/div>\n\t\t\t\t\t<\/div>\n\t\t<\/section>\n\t\t\t\t<\/div>\n\t\t","protected":false},"excerpt":{"rendered":"<p>Services How can I help you? At our private mediation centre, we offer a wide range of services to help you resolve disputes effectively and efficiently. Espacio formaci\u00f3n Desde nuestro espacio dise\u00f1amos cada Formaci\u00f3n como un gran proyecto con un objetivo y una metodolog\u00eda, aunque sean los participantes los que al final determinan como evoluciona [&hellip;]<\/p>\n","protected":false},"author":1,"featured_media":0,"parent":0,"menu_order":0,"comment_status":"closed","ping_status":"closed","template":"elementor_header_footer","meta":{"inline_featured_image":false,"footnotes":""},"class_list":["post-3314","page","type-page","status-publish","hentry"],"_links":{"self":[{"href":"https:\/\/www.mercepomar.com\/en\/wp-json\/wp\/v2\/pages\/3314"}],"collection":[{"href":"https:\/\/www.mercepomar.com\/en\/wp-json\/wp\/v2\/pages"}],"about":[{"href":"https:\/\/www.mercepomar.com\/en\/wp-json\/wp\/v2\/types\/page"}],"author":[{"embeddable":true,"href":"https:\/\/www.mercepomar.com\/en\/wp-json\/wp\/v2\/users\/1"}],"replies":[{"embeddable":true,"href":"https:\/\/www.mercepomar.com\/en\/wp-json\/wp\/v2\/comments?post=3314"}],"version-history":[{"count":0,"href":"https:\/\/www.mercepomar.com\/en\/wp-json\/wp\/v2\/pages\/3314\/revisions"}],"wp:attachment":[{"href":"https:\/\/www.mercepomar.com\/en\/wp-json\/wp\/v2\/media?parent=3314"}],"curies":[{"name":"wp","href":"https:\/\/api.w.org\/{rel}","templated":true}]}}