{"id":3310,"date":"2023-11-30T11:38:57","date_gmt":"2023-11-30T11:38:57","guid":{"rendered":"https:\/\/www.mercepomar.com\/legal-space\/"},"modified":"2024-02-21T11:38:58","modified_gmt":"2024-02-21T11:38:58","slug":"legal-space","status":"publish","type":"page","link":"https:\/\/www.mercepomar.com\/en\/available-services\/legal-space\/","title":{"rendered":"Legal Space"},"content":{"rendered":"\t\t<div data-elementor-type=\"wp-page\" data-elementor-id=\"3310\" class=\"elementor elementor-3310 elementor-28\" data-elementor-post-type=\"page\">\n\t\t\t\t\t\t<section class=\"elementor-section elementor-top-section elementor-element elementor-element-b941daf elementor-section-full_width elementor-section-height-default elementor-section-height-default\" data-id=\"b941daf\" data-element_type=\"section\">\n\t\t\t\t\t\t<div class=\"elementor-container elementor-column-gap-no\">\n\t\t\t\t\t<div class=\"elementor-column elementor-col-100 elementor-top-column elementor-element elementor-element-5bdd6b8\" data-id=\"5bdd6b8\" data-element_type=\"column\">\n\t\t\t<div class=\"elementor-widget-wrap elementor-element-populated\">\n\t\t\t\t\t\t<section class=\"elementor-section elementor-inner-section elementor-element elementor-element-0032a5c elementor-section-boxed elementor-section-height-default elementor-section-height-default\" data-id=\"0032a5c\" data-element_type=\"section\">\n\t\t\t\t\t\t<div class=\"elementor-container elementor-column-gap-wider\">\n\t\t\t\t\t<div class=\"elementor-column elementor-col-50 elementor-inner-column elementor-element elementor-element-7fa5984\" data-id=\"7fa5984\" data-element_type=\"column\">\n\t\t\t<div class=\"elementor-widget-wrap elementor-element-populated\">\n\t\t\t\t\t\t<div class=\"elementor-element elementor-element-ea5a392 elementor-widget elementor-widget-image\" data-id=\"ea5a392\" data-element_type=\"widget\" data-widget_type=\"image.default\">\n\t\t\t\t<div class=\"elementor-widget-container\">\n\t\t\t<style>\/*! elementor - v3.23.0 - 15-07-2024 *\/\n.elementor-widget-image{text-align:center}.elementor-widget-image a{display:inline-block}.elementor-widget-image a img[src$=\".svg\"]{width:48px}.elementor-widget-image img{vertical-align:middle;display:inline-block}<\/style>\t\t\t\t\t\t\t\t\t\t<img decoding=\"async\" src=\"https:\/\/www.mercepomar.com\/wp-content\/uploads\/2023\/11\/A-male-psychologist-with-his-back-turned-sitting-in-an-office-writing-on-a-piece-of-paper-In-front-of-her-there-is-a-well-dressed-family-looking-happy-2.jpg\" title=\"\" alt=\"\" loading=\"lazy\" \/>\t\t\t\t\t\t\t\t\t\t\t\t\t<\/div>\n\t\t\t\t<\/div>\n\t\t\t\t\t<\/div>\n\t\t<\/div>\n\t\t\t\t<div class=\"elementor-column elementor-col-50 elementor-inner-column elementor-element elementor-element-5f91459\" data-id=\"5f91459\" data-element_type=\"column\">\n\t\t\t<div class=\"elementor-widget-wrap elementor-element-populated\">\n\t\t\t\t\t\t<div class=\"elementor-element elementor-element-cc5008f elementor-widget elementor-widget-heading\" data-id=\"cc5008f\" data-element_type=\"widget\" data-widget_type=\"heading.default\">\n\t\t\t\t<div class=\"elementor-widget-container\">\n\t\t\t<style>\/*! elementor - v3.23.0 - 15-07-2024 *\/\n.elementor-heading-title{padding:0;margin:0;line-height:1}.elementor-widget-heading .elementor-heading-title[class*=elementor-size-]>a{color:inherit;font-size:inherit;line-height:inherit}.elementor-widget-heading .elementor-heading-title.elementor-size-small{font-size:15px}.elementor-widget-heading .elementor-heading-title.elementor-size-medium{font-size:19px}.elementor-widget-heading .elementor-heading-title.elementor-size-large{font-size:29px}.elementor-widget-heading .elementor-heading-title.elementor-size-xl{font-size:39px}.elementor-widget-heading .elementor-heading-title.elementor-size-xxl{font-size:59px}<\/style><h2 class=\"elementor-heading-title elementor-size-default\">Legal space<\/h2>\t\t<\/div>\n\t\t\t\t<\/div>\n\t\t\t\t<div class=\"elementor-element elementor-element-8f3ca83 elementor-widget elementor-widget-text-editor\" data-id=\"8f3ca83\" data-element_type=\"widget\" data-widget_type=\"text-editor.default\">\n\t\t\t\t<div class=\"elementor-widget-container\">\n\t\t\t<style>\/*! elementor - v3.23.0 - 15-07-2024 *\/\n.elementor-widget-text-editor.elementor-drop-cap-view-stacked .elementor-drop-cap{background-color:#69727d;color:#fff}.elementor-widget-text-editor.elementor-drop-cap-view-framed .elementor-drop-cap{color:#69727d;border:3px solid;background-color:transparent}.elementor-widget-text-editor:not(.elementor-drop-cap-view-default) .elementor-drop-cap{margin-top:8px}.elementor-widget-text-editor:not(.elementor-drop-cap-view-default) .elementor-drop-cap-letter{width:1em;height:1em}.elementor-widget-text-editor .elementor-drop-cap{float:left;text-align:center;line-height:1;font-size:50px}.elementor-widget-text-editor .elementor-drop-cap-letter{display:inline-block}<\/style>\t\t\t\t<p>Multidisciplinary law firm in which we provide specialised legal advice to individuals and companies.<\/p>\n<p>We value experience as a decisive asset in the practice of law. We have lawyers with extensive experience, versed in strategic action, both in the context of conflict and negotiation. Our style is based on prudence and discretion.<\/p>\n<p>We accompany our clients through all phases of the life cycle concerned with the necessary multidisciplinary approach.<\/p>\n<p>We work with a global approach, taking into account the business strategy of our clients in all areas, in a transversal manner, offering all kinds of innovative legal solutions in the areas of legal practice and from a sectorial vision, focused on each type of business.<\/p>\n<p>We have accumulated a deep knowledge and experience in advising in Civil and Commercial Law, always with the aim of facing the accelerated social and technological changes in which we are immersed.<\/p>\n\t\t\t\t\t\t<\/div>\n\t\t\t\t<\/div>\n\t\t\t\t\t<\/div>\n\t\t<\/div>\n\t\t\t\t\t<\/div>\n\t\t<\/section>\n\t\t\t\t\t<\/div>\n\t\t<\/div>\n\t\t\t\t\t<\/div>\n\t\t<\/section>\n\t\t\t\t<section class=\"elementor-section elementor-top-section elementor-element elementor-element-9df93bb elementor-section-full_width elementor-section-height-default elementor-section-height-default\" data-id=\"9df93bb\" data-element_type=\"section\">\n\t\t\t\t\t\t<div class=\"elementor-container elementor-column-gap-no\">\n\t\t\t\t\t<div class=\"elementor-column elementor-col-100 elementor-top-column elementor-element elementor-element-cbaf471\" data-id=\"cbaf471\" data-element_type=\"column\">\n\t\t\t<div class=\"elementor-widget-wrap elementor-element-populated\">\n\t\t\t\t\t\t<section class=\"elementor-section elementor-inner-section elementor-element elementor-element-0fa054b elementor-section-boxed elementor-section-height-default elementor-section-height-default\" data-id=\"0fa054b\" data-element_type=\"section\">\n\t\t\t\t\t\t<div class=\"elementor-container elementor-column-gap-wider\">\n\t\t\t\t\t<div class=\"elementor-column elementor-col-50 elementor-inner-column elementor-element elementor-element-f37b055\" data-id=\"f37b055\" data-element_type=\"column\">\n\t\t\t<div class=\"elementor-widget-wrap elementor-element-populated\">\n\t\t\t\t\t\t<div class=\"elementor-element elementor-element-55898f6 elementor-widget elementor-widget-heading\" data-id=\"55898f6\" data-element_type=\"widget\" data-widget_type=\"heading.default\">\n\t\t\t\t<div class=\"elementor-widget-container\">\n\t\t\t<h2 class=\"elementor-heading-title elementor-size-default\">Local and international focus<\/h2>\t\t<\/div>\n\t\t\t\t<\/div>\n\t\t\t\t<div class=\"elementor-element elementor-element-e056308 elementor-widget elementor-widget-text-editor\" data-id=\"e056308\" data-element_type=\"widget\" data-widget_type=\"text-editor.default\">\n\t\t\t\t<div class=\"elementor-widget-container\">\n\t\t\t\t\t\t\t<p>We provide clients with a high quality, locally focused, problem-solving legal service, with strategic and expertly vetted resources to resolve all client issues regardless of distance and location.<\/p>\n<p>We are characterised by our in-depth knowledge of the international legal market and are able to offer all kinds of solutions to our clients&#8217; problems in different languages.<\/p>\n\t\t\t\t\t\t<\/div>\n\t\t\t\t<\/div>\n\t\t\t\t\t<\/div>\n\t\t<\/div>\n\t\t\t\t<div class=\"elementor-column elementor-col-50 elementor-inner-column elementor-element elementor-element-49a79f1\" data-id=\"49a79f1\" data-element_type=\"column\">\n\t\t\t<div class=\"elementor-widget-wrap elementor-element-populated\">\n\t\t\t\t\t\t<div class=\"elementor-element elementor-element-101d58a elementor-widget elementor-widget-image\" data-id=\"101d58a\" data-element_type=\"widget\" data-widget_type=\"image.default\">\n\t\t\t\t<div class=\"elementor-widget-container\">\n\t\t\t\t\t\t\t\t\t\t\t\t\t<img decoding=\"async\" src=\"https:\/\/www.mercepomar.com\/wp-content\/uploads\/2023\/11\/a-woman-psychologist-with-her-back-turned-sitting-in-an-office-writing-on-a-piece-of-paper-In-front-of-her-there-is-a-man-and-a-woman-as-happy-young-people-2-1.jpg\" title=\"\" alt=\"\" loading=\"lazy\" \/>\t\t\t\t\t\t\t\t\t\t\t\t\t<\/div>\n\t\t\t\t<\/div>\n\t\t\t\t\t<\/div>\n\t\t<\/div>\n\t\t\t\t\t<\/div>\n\t\t<\/section>\n\t\t\t\t\t<\/div>\n\t\t<\/div>\n\t\t\t\t\t<\/div>\n\t\t<\/section>\n\t\t\t\t<section class=\"elementor-section elementor-top-section elementor-element elementor-element-081791f elementor-section-full_width elementor-section-stretched elementor-section-height-default elementor-section-height-default\" data-id=\"081791f\" data-element_type=\"section\" data-settings=\"{&quot;stretch_section&quot;:&quot;section-stretched&quot;,&quot;background_background&quot;:&quot;classic&quot;}\">\n\t\t\t\t\t\t<div class=\"elementor-container elementor-column-gap-default\">\n\t\t\t\t\t<div class=\"elementor-column elementor-col-100 elementor-top-column elementor-element elementor-element-21cc99d\" data-id=\"21cc99d\" data-element_type=\"column\">\n\t\t\t<div class=\"elementor-widget-wrap elementor-element-populated\">\n\t\t\t\t\t\t<section class=\"elementor-section elementor-inner-section elementor-element elementor-element-d61233f elementor-section-boxed elementor-section-height-default elementor-section-height-default\" data-id=\"d61233f\" data-element_type=\"section\">\n\t\t\t\t\t\t<div class=\"elementor-container elementor-column-gap-wider\">\n\t\t\t\t\t<div class=\"elementor-column elementor-col-100 elementor-inner-column elementor-element elementor-element-30e3238\" data-id=\"30e3238\" data-element_type=\"column\">\n\t\t\t<div class=\"elementor-widget-wrap elementor-element-populated\">\n\t\t\t\t\t\t<div class=\"elementor-element elementor-element-534ddb6 elementor-align-left elementor-widget elementor-widget-bdevs-contact\" data-id=\"534ddb6\" data-element_type=\"widget\" data-widget_type=\"bdevs-contact.default\">\n\t\t\t\t<div class=\"elementor-widget-container\">\n\t\t\t\r\n\t<div class=\"contact-form-area\">\r\n\t\t\t\t\t<div class=\"sketch\" style=\" background-image: url()\"><\/div>\r\n\t\t        \r\n        <div class=\"container\">\r\n            <div class=\"row\">\r\n\r\n\t\t\t\t\t\t\t\t\t<div class=\"col-lg-6\">\r\n\t\t\t\t\t\t<div class=\"section-title\">\t\r\n\t\t\t\t\t\t\t\t\t\t\t\t\t\t\t<h2 class=\"title text-start\">\r\n\t\t\t\t\t\t\t\t\t\t\t\t\t\t\t\t\t\t<span class=\"under-line\"> \r\n\t\t\t\t\t\t\t\t\t\t\u00bfTe gustar\u00eda mejorar  tu vida personal o profesional? \r\n\t\t\t\t\t\t\t\t\t\t\t\t\t\t\t\t\t\t\t\t\t<img decoding=\"async\" src=\"\" alt=\"under-line\" \/>\r\n\t\t\t\t\t\t\t\t\t\t\t\t\t\t\t\t\t\t\t<\/span>\r\n\t\t\t\t\t\t\t\t\t\t\t\t\t\t\t\t\t<\/h2>\r\n\t\t\t\t\t\t\t\r\n\t\t\t\t\t\t\t\t\t\t\t\t\t\t\t<p class=\"text-start\"><p>\u00bfQuieres aprender a gestionar mejor tus emociones, tus relaciones y tus objetivos? Si la respuesta es s\u00ed, est\u00e1s en el lugar adecuado.<\/p>\n<p>Si quieres saber m\u00e1s sobre m\u00ed y sobre c\u00f3mo puedo acompa\u00f1arte en tu proceso de crecimiento, te invito a que rellenes el formulario de contacto que encontrar\u00e1s a continuaci\u00f3n.<\/p><\/p>\r\n\t\t\t\t\t\t\t\r\n\t\t\t\t\t\t\t\t\t\t\t\t\t<\/div>\r\n\t\t\t\t\t<\/div>\r\n\t\t\t\t\r\n                <div class=\"col-lg-6\">\r\n                    <div class=\"comment-respond style-two mt-48 mt-lg-0\">\r\n                        \n<div class=\"wpcf7 no-js\" id=\"wpcf7-f3546-o1\" lang=\"en-US\" dir=\"ltr\">\n<div class=\"screen-reader-response\"><p role=\"status\" aria-live=\"polite\" aria-atomic=\"true\"><\/p> <ul><\/ul><\/div>\n<form action=\"\/en\/wp-json\/wp\/v2\/pages\/3310#wpcf7-f3546-o1\" method=\"post\" class=\"wpcf7-form init\" aria-label=\"Contact form\" novalidate=\"novalidate\" data-status=\"init\">\n<div style=\"display: none;\">\n<input type=\"hidden\" name=\"_wpcf7\" value=\"3546\" \/>\n<input type=\"hidden\" name=\"_wpcf7_version\" value=\"5.9.7\" \/>\n<input type=\"hidden\" name=\"_wpcf7_locale\" value=\"en_US\" \/>\n<input type=\"hidden\" name=\"_wpcf7_unit_tag\" value=\"wpcf7-f3546-o1\" \/>\n<input type=\"hidden\" name=\"_wpcf7_container_post\" value=\"0\" \/>\n<input type=\"hidden\" name=\"_wpcf7_posted_data_hash\" value=\"\" \/>\n<input type=\"hidden\" name=\"_wpcf7_recaptcha_response\" value=\"\" \/>\n<\/div>\n<p><label> <span class=\"wpcf7-form-control-wrap\" data-name=\"your-name\"><input size=\"40\" maxlength=\"400\" class=\"wpcf7-form-control wpcf7-text wpcf7-validates-as-required\" autocomplete=\"name\" aria-required=\"true\" aria-invalid=\"false\" placeholder=\"Your name\" value=\"\" type=\"text\" name=\"your-name\" \/><\/span> <\/label><br \/>\n<label> <span class=\"wpcf7-form-control-wrap\" data-name=\"your-email\"><input size=\"40\" maxlength=\"400\" class=\"wpcf7-form-control wpcf7-email wpcf7-validates-as-required wpcf7-text wpcf7-validates-as-email\" autocomplete=\"email\" aria-required=\"true\" aria-invalid=\"false\" placeholder=\"Your email address\" value=\"\" type=\"email\" name=\"your-email\" \/><\/span> <\/label><br \/>\n<label> <span class=\"wpcf7-form-control-wrap\" data-name=\"your-phone\"><input size=\"40\" maxlength=\"400\" class=\"wpcf7-form-control wpcf7-tel wpcf7-validates-as-required wpcf7-text wpcf7-validates-as-tel\" aria-required=\"true\" aria-invalid=\"false\" placeholder=\"Phone\" value=\"\" type=\"tel\" name=\"your-phone\" \/><\/span> <\/label><br \/>\n<label> <span class=\"wpcf7-form-control-wrap\" data-name=\"your-message\"><textarea cols=\"40\" rows=\"10\" maxlength=\"2000\" class=\"wpcf7-form-control wpcf7-textarea\" aria-invalid=\"false\" placeholder=\"Your message (optional)\" name=\"your-message\"><\/textarea><\/span> <\/label>\n<\/p>\n<p><span class=\"wpcf7-form-control-wrap\" data-name=\"acceptance-969\"><span class=\"wpcf7-form-control wpcf7-acceptance\"><span class=\"wpcf7-list-item\"><label><input type=\"checkbox\" name=\"acceptance-969\" value=\"1\" aria-invalid=\"false\" \/><span class=\"wpcf7-list-item-label\">I accept <a href=\"\/en\/privacy-statement\/\" target=\"_blank\">privacy policy<\/a> y <a href=\"\/en\/privacy-statement\/\" target=\"_blank\">data protection<\/a><\/span><\/label><\/span><\/span><\/span><br \/>\n<input class=\"wpcf7-form-control wpcf7-submit has-spinner\" type=\"submit\" value=\"Send\" \/>\n<\/p><div class=\"wpcf7-response-output\" aria-hidden=\"true\"><\/div>\n<\/form>\n<\/div>\n                    <\/div>\r\n                <\/div>\r\n            <\/div>\r\n        <\/div>\r\n    <\/div>\r\n\r\n\t\t\t<\/div>\n\t\t\t\t<\/div>\n\t\t\t\t\t<\/div>\n\t\t<\/div>\n\t\t\t\t\t<\/div>\n\t\t<\/section>\n\t\t\t\t\t<\/div>\n\t\t<\/div>\n\t\t\t\t\t<\/div>\n\t\t<\/section>\n\t\t\t\t<\/div>\n\t\t","protected":false},"excerpt":{"rendered":"<p>Legal space Multidisciplinary law firm in which we provide specialised legal advice to individuals and companies. We value experience as a decisive asset in the practice of law. We have lawyers with extensive experience, versed in strategic action, both in the context of conflict and negotiation. Our style is based on prudence and discretion. We [&hellip;]<\/p>\n","protected":false},"author":1,"featured_media":0,"parent":3314,"menu_order":0,"comment_status":"closed","ping_status":"closed","template":"","meta":{"inline_featured_image":false,"footnotes":""},"class_list":["post-3310","page","type-page","status-publish","hentry"],"_links":{"self":[{"href":"https:\/\/www.mercepomar.com\/en\/wp-json\/wp\/v2\/pages\/3310"}],"collection":[{"href":"https:\/\/www.mercepomar.com\/en\/wp-json\/wp\/v2\/pages"}],"about":[{"href":"https:\/\/www.mercepomar.com\/en\/wp-json\/wp\/v2\/types\/page"}],"author":[{"embeddable":true,"href":"https:\/\/www.mercepomar.com\/en\/wp-json\/wp\/v2\/users\/1"}],"replies":[{"embeddable":true,"href":"https:\/\/www.mercepomar.com\/en\/wp-json\/wp\/v2\/comments?post=3310"}],"version-history":[{"count":0,"href":"https:\/\/www.mercepomar.com\/en\/wp-json\/wp\/v2\/pages\/3310\/revisions"}],"up":[{"embeddable":true,"href":"https:\/\/www.mercepomar.com\/en\/wp-json\/wp\/v2\/pages\/3314"}],"wp:attachment":[{"href":"https:\/\/www.mercepomar.com\/en\/wp-json\/wp\/v2\/media?parent=3310"}],"curies":[{"name":"wp","href":"https:\/\/api.w.org\/{rel}","templated":true}]}}