{"id":5945,"date":"2024-03-04T07:55:56","date_gmt":"2024-03-04T07:55:56","guid":{"rendered":"https:\/\/www.mercepomar.com\/politica-de-cookies-2\/"},"modified":"2024-03-04T08:18:58","modified_gmt":"2024-03-04T08:18:58","slug":"politica-de-cookies-2","status":"publish","type":"page","link":"https:\/\/www.mercepomar.com\/ca\/politica-de-cookies-2\/","title":{"rendered":"Pol\u00edtica de cookies"},"content":{"rendered":"\t\t<div data-elementor-type=\"wp-page\" data-elementor-id=\"5945\" class=\"elementor elementor-5945 elementor-5937\" data-elementor-post-type=\"page\">\n\t\t\t\t\t\t<section class=\"elementor-section elementor-top-section elementor-element elementor-element-164a391 elementor-section-full_width elementor-section-stretched elementor-section-height-default elementor-section-height-default\" data-id=\"164a391\" data-element_type=\"section\" data-settings=\"{&quot;background_background&quot;:&quot;classic&quot;,&quot;stretch_section&quot;:&quot;section-stretched&quot;}\">\n\t\t\t\t\t\t<div class=\"elementor-container elementor-column-gap-default\">\n\t\t\t\t\t<div class=\"elementor-column elementor-col-100 elementor-top-column elementor-element elementor-element-666bd69\" data-id=\"666bd69\" data-element_type=\"column\" data-settings=\"{&quot;background_background&quot;:&quot;classic&quot;}\">\n\t\t\t<div class=\"elementor-widget-wrap elementor-element-populated\">\n\t\t\t\t\t\t<div class=\"elementor-element elementor-element-944e246 elementor-widget elementor-widget-heading\" data-id=\"944e246\" data-element_type=\"widget\" data-widget_type=\"heading.default\">\n\t\t\t\t<div class=\"elementor-widget-container\">\n\t\t\t<style>\/*! elementor - v3.23.0 - 15-07-2024 *\/\n.elementor-heading-title{padding:0;margin:0;line-height:1}.elementor-widget-heading .elementor-heading-title[class*=elementor-size-]>a{color:inherit;font-size:inherit;line-height:inherit}.elementor-widget-heading .elementor-heading-title.elementor-size-small{font-size:15px}.elementor-widget-heading .elementor-heading-title.elementor-size-medium{font-size:19px}.elementor-widget-heading .elementor-heading-title.elementor-size-large{font-size:29px}.elementor-widget-heading .elementor-heading-title.elementor-size-xl{font-size:39px}.elementor-widget-heading .elementor-heading-title.elementor-size-xxl{font-size:59px}<\/style><h1 class=\"elementor-heading-title elementor-size-default\">Pol\u00edtica de cookies<\/h1>\t\t<\/div>\n\t\t\t\t<\/div>\n\t\t\t\t\t<\/div>\n\t\t<\/div>\n\t\t\t\t\t<\/div>\n\t\t<\/section>\n\t\t\t\t<section class=\"elementor-section elementor-top-section elementor-element elementor-element-d76fb78 elementor-section-boxed elementor-section-height-default elementor-section-height-default\" data-id=\"d76fb78\" data-element_type=\"section\">\n\t\t\t\t\t\t<div class=\"elementor-container elementor-column-gap-default\">\n\t\t\t\t\t<div class=\"elementor-column elementor-col-100 elementor-top-column elementor-element elementor-element-76f4682\" data-id=\"76f4682\" data-element_type=\"column\">\n\t\t\t<div class=\"elementor-widget-wrap elementor-element-populated\">\n\t\t\t\t\t\t<div class=\"elementor-element elementor-element-46bd0f1 elementor-widget elementor-widget-text-editor\" data-id=\"46bd0f1\" data-element_type=\"widget\" data-widget_type=\"text-editor.default\">\n\t\t\t\t<div class=\"elementor-widget-container\">\n\t\t\t<style>\/*! elementor - v3.23.0 - 15-07-2024 *\/\n.elementor-widget-text-editor.elementor-drop-cap-view-stacked .elementor-drop-cap{background-color:#69727d;color:#fff}.elementor-widget-text-editor.elementor-drop-cap-view-framed .elementor-drop-cap{color:#69727d;border:3px solid;background-color:transparent}.elementor-widget-text-editor:not(.elementor-drop-cap-view-default) .elementor-drop-cap{margin-top:8px}.elementor-widget-text-editor:not(.elementor-drop-cap-view-default) .elementor-drop-cap-letter{width:1em;height:1em}.elementor-widget-text-editor .elementor-drop-cap{float:left;text-align:center;line-height:1;font-size:50px}.elementor-widget-text-editor .elementor-drop-cap-letter{display:inline-block}<\/style>\t\t\t\t<p class=\"font_8 wixui-rich-text__text\">Les galetes s\u00f3n petits arxius de textos que es fan servir per emmagatzemar informaci\u00f3. Les galetes s&#8217;emmagatzemen al dispositiu quan accedeixes a una p\u00e0gina web des del teu navegador. Aquestes cookies ens ajuden a fer funcionar el web, fer-lo m\u00e9s segur, millorar l&#8217;experi\u00e8ncia d&#8217;usuari i entendre com es comporta el web i on cal fer millores o corregir errors.<\/p>\n<p class=\"font_8 wixui-rich-text__text\">Utilitzem cookies pr\u00f2pies i de tercers per millorar el funcionament t\u00e8cnic del web, analitzar la teva navegaci\u00f3 amb finalitats estad\u00edstiques, personalitzar la teva experi\u00e8ncia o mostrar publicitat relacionada amb les teves prefer\u00e8ncies.<\/p>\n<p class=\"font_8 wixui-rich-text__text\">\n            <strong>Per qu\u00e8 he de permetre les galetes?<\/strong>\n          <\/p>\n<p class=\"font_8 wixui-rich-text__text\">En permetre les galetes, podr\u00e0s obtenir una millor experi\u00e8ncia al nostre lloc web.<\/p>\n<p class=\"font_8 wixui-rich-text__text\">A m\u00e9s, hi ha algunes accions b\u00e0siques que requereixen cookies, com ara les gestions a l&#8217;\u00e0rea de clients.<\/p>\n<p class=\"font_8 wixui-rich-text__text\">Per exemple, fem servir cookies en els casos seg\u00fcents: &#8211; Quan et lloguessis al teu compte &#8211; Un hist\u00f2ric de les teves prefer\u00e8ncies per a la teva propera visita &#8211; Proporcionar contingut personalitzat.<\/p>\n<p class=\"font_8 wixui-rich-text__text\">\n            <strong>Tipus i finalitat<\/strong>\n          <\/p>\n<p class=\"font_8 wixui-rich-text__text\">\n            <strong>Cookies pr\u00f2pies<\/strong>\n          <\/p>\n<p class=\"font_8 wixui-rich-text__text\">Les creades o gestionades pel responsable de la p\u00e0gina web.<\/p>\n<p class=\"font_8 wixui-rich-text__text\">Finalitats t\u00e8cniques: S\u00f3n aquelles que permeten a l&#8217;usuari la navegaci\u00f3 a trav\u00e9s d&#8217;una p\u00e0gina web, plataforma o aplicaci\u00f3 i la utilitzaci\u00f3 de les diferents opcions o serveis que hi hagi com, per exemple, controlar el tr\u00e0nsit i la comunicaci\u00f3 de dades o emmagatzemar continguts per a la difusi\u00f3 de v\u00eddeos o so.<\/p>\n<p class=\"font_8 wixui-rich-text__text\">Finalitat d&#8217;an\u00e0lisi: S\u00f3n aquelles que permeten el seguiment i l&#8217;an\u00e0lisi del comportament dels usuaris de la p\u00e0gina web, per a l&#8217;elaboraci\u00f3 de perfils de navegaci\u00f3, per introduir millores en funci\u00f3 de l&#8217;an\u00e0lisi de les dades d&#8217;\u00fas que es faci sobre la web. Entre altres dades, un identificador d&#8217;usuari per sessi\u00f3 i la data de primera connexi\u00f3 a la web i de l&#8217;ocasi\u00f3 anterior en qu\u00e8 va accedir a la web.<\/p>\n<p class=\"font_8 wixui-rich-text__text\">Finalitat de personalitzaci\u00f3: Aquestes galetes emmagatzemen informaci\u00f3 del comportament de l&#8217;usuari obtinguda a trav\u00e9s del registre dels seus h\u00e0bits de navegaci\u00f3, cosa que permet desenvolupar un perfil espec\u00edfic per oferir informaci\u00f3 comercial adaptada als seus gustos i prefer\u00e8ncies. Emmagatzemen informaci\u00f3 com el tipus de connexi\u00f3, l&#8217;idioma, els patrons de navegaci\u00f3 o la ubicaci\u00f3.<\/p>\n<p class=\"font_8 wixui-rich-text__text\">\n            <strong>Galetes de tercers<\/strong>\n          <\/p>\n<p class=\"font_8 wixui-rich-text__text\">S\u00f3n galetes servides i administrades per prestadors de serveis publicitaris i\/o d&#8217;an\u00e0lisis alienes al responsable de la p\u00e0gina web.<\/p>\n<p class=\"font_8 wixui-rich-text__text\">Aquestes galetes permeten la gesti\u00f3 efica\u00e7 i adaptada a les prefer\u00e8ncies de l&#8217;usuari de campanyes publicit\u00e0ries i informatives. Podeu emmagatzemar informaci\u00f3 del comportament dels usuaris de REFINERIA per desenvolupar un perfil espec\u00edfic per mostrar publicitat en funci\u00f3 dels seus interessos.<\/p>\n<p class=\"font_8 wixui-rich-text__text\">Al final d&#8217;aquesta p\u00e0gina, es detallen tant els tercers que poden configurar i accedir a galetes del vostre equip (no exemptes d&#8217;informaci\u00f3 i consentiment), com enlla\u00e7os a la pol\u00edtica de privadesa d&#8217;aquests prove\u00efdors.<\/p>\n<p class=\"font_8 wixui-rich-text__text\">\n            <strong>Desactivar cookies<\/strong>\n          <\/p>\n<p class=\"font_8 wixui-rich-text__text\">\n            <strong>Qu\u00e8 passa si bloquejo les cookies?<\/strong>\n          <\/p>\n<p class=\"font_8 wixui-rich-text__text\">Si decideixes bloquejar les cookies, pot impedir el funcionament correcte d&#8217;algunes caracter\u00edstiques del web de (REFINERIA). Aix\u00f2 restringir\u00e0 el que pots fer a la nostra web.<\/p>\n<p class=\"font_8 wixui-rich-text__text\">Si acceptes aquestes limitacions i decideixes bloquejar les cookies, si us plau segueix les instruccions per al teu navegador a la secci\u00f3 seg\u00fcent.<\/p>\n<p class=\"font_8 wixui-rich-text__text\">\n            <strong>Com puc bloquejar o permetre les cookies?<\/strong>\n          <\/p>\n<p class=\"font_8 wixui-rich-text__text\">La majoria dels navegadors estan configurats per defecte per acceptar galetes, per\u00f2 pots canviar la configuraci\u00f3 per bloquejar algunes o totes les galetes, si ho prefereixes. Si no us agrada com aix\u00f2 afecta a la seva experi\u00e8ncia en l\u00ednia, \u00e9s igual de f\u00e0cil de canviar les coses de nou.<\/p>\n<p class=\"font_8 wixui-rich-text__text\">\n            <strong>MICROSOFT INTERNET EXPLORER<\/strong>\n          <\/p>\n<p class=\"font_8 wixui-rich-text__text\" style=\"padding-left: 40px;\">Microsoft Internet Explorer 6\/7\/8 (Windows XP\/Vista)<br \/>1. Seleccioneu Eines al men\u00fa, i despr\u00e9s Opcions d&#8217;Internet.<br \/>2. Feu clic a la pestanya de Privadesa.<br \/>3. Trieu els par\u00e0metres que voleu.<br \/>4. Feu clic a OK.<\/p>\n<p class=\"font_8 wixui-rich-text__text\">\n            <strong>Microsoft Internet Explorer 11<\/strong>\n          <\/p>\n<p class=\"font_8 wixui-rich-text__text\" style=\"padding-left: 40px;\">1. Feu clic a la icona Configuraci\u00f3 (a dalt a la dreta)<br \/>2. Feu clic a Opcions d&#8217;Internet.<br \/>3. Feu clic a Privadesa i seleccioneu les vostres opcions.<br \/>4. Feu clic a Aplica i despr\u00e9s a OK.<\/p>\n<p class=\"font_8 wixui-rich-text__text\">\n            <strong>MOZILLA FIREFOX<\/strong>\n          <\/p>\n<p class=\"font_8 wixui-rich-text__text\" style=\"padding-left: 40px;\">1. Fes clic al bot\u00f3 Men\u00fa i selecciona Prefer\u00e8ncies.<br \/>2. Seleccioneu el panell Privadesa i Seguretat.<br \/>3. Els ajustaments de les cookies es troba a la secci\u00f3 Protecci\u00f3 millorada contra rastreig i Cookies i dades del lloc.<\/p>\n<p class=\"font_8 wixui-rich-text__text\">\n            <strong>GOOGLE CHROME<\/strong>\n          <\/p>\n<p class=\"font_8 wixui-rich-text__text\" style=\"padding-left: 40px;\">1. Ordinador.<br \/>2. Obre Chrome a l&#8217;ordinador.<br \/>3. A dalt a la dreta, feu clic a M\u00e9s i despr\u00e9s Configuraci\u00f3.<br \/>4. A sota, feu clic a Configuraci\u00f3 avan\u00e7ada.<br \/>5. A &#8220;Privadesa i seguretat&#8221;, fes clic a Configuraci\u00f3 del lloc web i despr\u00e9s Cookies.<br \/>6. Trieu els par\u00e0metres que voleu.<br \/>7. Android.<br \/>8. Al tel\u00e8fon o tablet Android, obre l&#8217;aplicaci\u00f3 Chrome.<br \/>9. A la dreta de la barra d&#8217;adreces, toqueu M\u00e9s i despr\u00e9s Configuraci\u00f3.<br \/>10. Toca Configuraci\u00f3 del lloc web i despr\u00e9s galetes.<br \/>11. Trieu els par\u00e0metres que voleu.<br \/>12. iOS.<br \/>13. Al teu iPhone o iPad, obre l&#8217;aplicaci\u00f3 Chrome Chrome.<br \/>14. A la part inferior dreta, toca M\u00e9s i despr\u00e9s Configuraci\u00f3.<br \/>15. Toca Privadesa.<br \/>16. Trieu els par\u00e0metres que voleu.<\/p>\n<p class=\"font_8 wixui-rich-text__text\">\n            <strong> SAFARI<\/strong>\n          <\/p>\n<p class=\"font_8 wixui-rich-text__text\" style=\"padding-left: 40px;\">1. A l&#8217;app Safari del Mac, seleccioneu Safari.<br \/>2. Clic a Prefer\u00e8ncies.<br \/>3. Clic a Privacitat.<br \/>4. Trieu els par\u00e0metres que voleu.<br \/>A Safari IOS V\u00e9s a Ajustaments &gt; Safari i escolliu els par\u00e0metres que voleu.<\/p>\n<p class=\"font_8 wixui-rich-text__text\">\n            <strong>OPERA<\/strong>\n          <\/p>\n<p class=\"font_8 wixui-rich-text__text\" style=\"padding-left: 40px;\">1. Feu clic al bot\u00f3 del men\u00fa del navegador.<br \/>2. Anar al final del men\u00fa i clicar a Anar a configuraci\u00f3 del navegador.<br \/>3. Fer scroll fins a la secci\u00f3 de Privadesa i seguretat.<br \/>4. Trieu els par\u00e0metres que voleu.<\/p>\n<p class=\"font_8 wixui-rich-text__text\">\n            <strong>ANDROID<\/strong>\n          <\/p>\n<p class=\"font_8 wixui-rich-text__text\" style=\"padding-left: 40px;\">1. Feu clic al bot\u00f3 del men\u00fa del navegador (hamburguesa).<br \/>2. Feu clic al bot\u00f3 configuraci\u00f3.<br \/>3. Aneu a Privadesa i Seguretat.<br \/>4. Trieu els par\u00e0metres que voleu.<\/p>\n<p class=\"font_8 wixui-rich-text__text\">\n            <strong>WINDOWS PHONE<\/strong>\n          <\/p>\n<p class=\"font_8 wixui-rich-text__text\" style=\"padding-left: 40px;\">1. Obriu Internet Explorer, despr\u00e9s M\u00e9s, despr\u00e9s Configuraci\u00f3.<br \/>2. Ara podeu activar o desactivar la casella Permetre cookies.<\/p>\n\t\t\t\t\t\t<\/div>\n\t\t\t\t<\/div>\n\t\t\t\t\t<\/div>\n\t\t<\/div>\n\t\t\t\t\t<\/div>\n\t\t<\/section>\n\t\t\t\t<\/div>\n\t\t","protected":false},"excerpt":{"rendered":"<p>Pol\u00edtica de cookies Les galetes s\u00f3n petits arxius de textos que es fan servir per emmagatzemar informaci\u00f3. Les galetes s&#8217;emmagatzemen al dispositiu quan accedeixes a una p\u00e0gina web des del teu navegador. Aquestes cookies ens ajuden a fer funcionar el web, fer-lo m\u00e9s segur, millorar l&#8217;experi\u00e8ncia d&#8217;usuari i entendre com es comporta el web i [&hellip;]<\/p>\n","protected":false},"author":1,"featured_media":0,"parent":0,"menu_order":0,"comment_status":"closed","ping_status":"closed","template":"elementor_header_footer","meta":{"inline_featured_image":false,"footnotes":""},"class_list":["post-5945","page","type-page","status-publish","hentry"],"_links":{"self":[{"href":"https:\/\/www.mercepomar.com\/ca\/wp-json\/wp\/v2\/pages\/5945"}],"collection":[{"href":"https:\/\/www.mercepomar.com\/ca\/wp-json\/wp\/v2\/pages"}],"about":[{"href":"https:\/\/www.mercepomar.com\/ca\/wp-json\/wp\/v2\/types\/page"}],"author":[{"embeddable":true,"href":"https:\/\/www.mercepomar.com\/ca\/wp-json\/wp\/v2\/users\/1"}],"replies":[{"embeddable":true,"href":"https:\/\/www.mercepomar.com\/ca\/wp-json\/wp\/v2\/comments?post=5945"}],"version-history":[{"count":0,"href":"https:\/\/www.mercepomar.com\/ca\/wp-json\/wp\/v2\/pages\/5945\/revisions"}],"wp:attachment":[{"href":"https:\/\/www.mercepomar.com\/ca\/wp-json\/wp\/v2\/media?parent=5945"}],"curies":[{"name":"wp","href":"https:\/\/api.w.org\/{rel}","templated":true}]}}