{"id":4538,"date":"2024-01-16T11:00:31","date_gmt":"2024-01-16T11:00:31","guid":{"rendered":"https:\/\/www.mercepomar.com\/avis-legal-2\/"},"modified":"2024-03-04T07:44:01","modified_gmt":"2024-03-04T07:44:01","slug":"avis-legal-2","status":"publish","type":"page","link":"https:\/\/www.mercepomar.com\/ca\/avis-legal-2\/","title":{"rendered":"Av\u00eds Legal"},"content":{"rendered":"\t\t<div data-elementor-type=\"wp-page\" data-elementor-id=\"4538\" class=\"elementor elementor-4538 elementor-4391\" data-elementor-post-type=\"page\">\n\t\t\t\t\t\t<section class=\"elementor-section elementor-top-section elementor-element elementor-element-164a391 elementor-section-full_width elementor-section-stretched elementor-section-height-default elementor-section-height-default\" data-id=\"164a391\" data-element_type=\"section\" data-settings=\"{&quot;background_background&quot;:&quot;classic&quot;,&quot;stretch_section&quot;:&quot;section-stretched&quot;}\">\n\t\t\t\t\t\t<div class=\"elementor-container elementor-column-gap-default\">\n\t\t\t\t\t<div class=\"elementor-column elementor-col-100 elementor-top-column elementor-element elementor-element-666bd69\" data-id=\"666bd69\" data-element_type=\"column\" data-settings=\"{&quot;background_background&quot;:&quot;classic&quot;}\">\n\t\t\t<div class=\"elementor-widget-wrap elementor-element-populated\">\n\t\t\t\t\t\t<div class=\"elementor-element elementor-element-944e246 elementor-widget elementor-widget-heading\" data-id=\"944e246\" data-element_type=\"widget\" data-widget_type=\"heading.default\">\n\t\t\t\t<div class=\"elementor-widget-container\">\n\t\t\t<style>\/*! elementor - v3.23.0 - 15-07-2024 *\/\n.elementor-heading-title{padding:0;margin:0;line-height:1}.elementor-widget-heading .elementor-heading-title[class*=elementor-size-]>a{color:inherit;font-size:inherit;line-height:inherit}.elementor-widget-heading .elementor-heading-title.elementor-size-small{font-size:15px}.elementor-widget-heading .elementor-heading-title.elementor-size-medium{font-size:19px}.elementor-widget-heading .elementor-heading-title.elementor-size-large{font-size:29px}.elementor-widget-heading .elementor-heading-title.elementor-size-xl{font-size:39px}.elementor-widget-heading .elementor-heading-title.elementor-size-xxl{font-size:59px}<\/style><h1 class=\"elementor-heading-title elementor-size-default\">Av\u00eds Legal<\/h1>\t\t<\/div>\n\t\t\t\t<\/div>\n\t\t\t\t\t<\/div>\n\t\t<\/div>\n\t\t\t\t\t<\/div>\n\t\t<\/section>\n\t\t\t\t<section class=\"elementor-section elementor-top-section elementor-element elementor-element-d76fb78 elementor-section-boxed elementor-section-height-default elementor-section-height-default\" data-id=\"d76fb78\" data-element_type=\"section\">\n\t\t\t\t\t\t<div class=\"elementor-container elementor-column-gap-default\">\n\t\t\t\t\t<div class=\"elementor-column elementor-col-100 elementor-top-column elementor-element elementor-element-76f4682\" data-id=\"76f4682\" data-element_type=\"column\">\n\t\t\t<div class=\"elementor-widget-wrap elementor-element-populated\">\n\t\t\t\t\t\t<div class=\"elementor-element elementor-element-46bd0f1 elementor-widget elementor-widget-text-editor\" data-id=\"46bd0f1\" data-element_type=\"widget\" data-widget_type=\"text-editor.default\">\n\t\t\t\t<div class=\"elementor-widget-container\">\n\t\t\t<style>\/*! elementor - v3.23.0 - 15-07-2024 *\/\n.elementor-widget-text-editor.elementor-drop-cap-view-stacked .elementor-drop-cap{background-color:#69727d;color:#fff}.elementor-widget-text-editor.elementor-drop-cap-view-framed .elementor-drop-cap{color:#69727d;border:3px solid;background-color:transparent}.elementor-widget-text-editor:not(.elementor-drop-cap-view-default) .elementor-drop-cap{margin-top:8px}.elementor-widget-text-editor:not(.elementor-drop-cap-view-default) .elementor-drop-cap-letter{width:1em;height:1em}.elementor-widget-text-editor .elementor-drop-cap{float:left;text-align:center;line-height:1;font-size:50px}.elementor-widget-text-editor .elementor-drop-cap-letter{display:inline-block}<\/style>\t\t\t\t<p class=\"font_8 wixui-rich-text__text\">D&#8217;acord amb l&#8217;article 10 de la Llei 34\/2002, d&#8217;11 de juliol, de serveis de la societat de la informaci\u00f3 i de comer\u00e7, s&#8217;informa a l&#8217;usuari que la p\u00e0gina web \u00e9s titularitat de durant el contracte subscrit amb l&#8217;ANUNCIANT Merc\u00e8 Pomar Espai, NIF \/ CIF: 44013102A, amb adre\u00e7a al Carrer \u00c0ngel Ruiz i Pablo 12, Ciutadella de Menorca (Balears), el qual \u00e9s responsable \u00fanic i exclusiu en relaci\u00f3 a la veracitat de la informaci\u00f3 continguda a la p\u00e0gina web quant als textos, fotografies, logotips, cupons, productes, serveis i imatges visualitzades.<\/p>\n<p class=\"font_8 wixui-rich-text__text\">\n            <strong>Termes i condicions d&#8217;\u00fas<\/strong>\n          <\/p>\n<p class=\"font_8 wixui-rich-text__text\">L&#8217;acc\u00e9s a aquesta p\u00e0gina web atribueix la condici\u00f3 d&#8217;USUARI, que hi accedeix volunt\u00e0riament a aquest lloc web. El mer acc\u00e9s no implica l&#8217;establiment de cap mena de relaci\u00f3 comercial entre l&#8217;USUARI i l&#8217;ANUNCIANT o Merc\u00e8 Pomar Espai La informaci\u00f3 subministrada a la p\u00e0gina web t\u00e9 com a finalitat facilitar el coneixement per part dels usuaris de les activitats i dels serveis que presta l&#8217;ANUNCIANT, qui es reserva el dret d&#8217;efectuar, en qualsevol moment totes les modificacions, variacions, supressi\u00f3 o cancel\u00b7lacions dels continguts i en la forma de presentaci\u00f3 dels mateixos que consideri necess\u00e0ria per a la prestaci\u00f3 dels serveis. Aquesta facultat no atorga als usuaris cap dret a percebre indemnitzaci\u00f3 per danys i perjudicis, per la qual cosa es recomana a l&#8217;USUARI que llegeixi aquest Av\u00eds Legal tantes vegades com accedeixi a la web.<\/p>\n<p class=\"font_8 wixui-rich-text__text\">\n            <strong>3. \u00das indegut<\/strong>\n          <\/p>\n<p class=\"font_8 wixui-rich-text__text\">L&#8217;USUARI assumeix la responsabilitat de l&#8217;\u00fas del portal, comprometent-se a fer un bon \u00fas de la p\u00e0gina web i aportar informaci\u00f3 vera\u00e7 i l\u00edcita, i no es permet conductes que vagin contra la llei, els drets o interessos de tercers.<\/p>\n<p class=\"font_8 wixui-rich-text__text\">La utilitzaci\u00f3 de certs serveis o sol\u00b7licituds a l&#8217;ANUNCIANT estaran condicionades a l&#8217;emplenament previ del corresponent formulari de recollida de dades. A aquests efectes, l&#8217;USUARI ser\u00e0 responsable de la informaci\u00f3 falsa o inexacta que pogu\u00e9s realitzar o comunicar i dels perjudicis que causi a l&#8217;ANUNCIANT i al responsable de la web si escau.<\/p>\n<p class=\"font_8 wixui-rich-text__text\">Refineria Web SL. I l&#8217;ANUNCIANT es reserven el dret a denegar o retirar l&#8217;acc\u00e9s a la web a aquells USUARIS que incompleixen les condicions i obligacions de la present p\u00e0gina web.<\/p>\n<p class=\"font_8 wixui-rich-text__text\">\n            <strong>4. Exclusi\u00f3 de garanties i responsabilitat<\/strong>\n          <\/p>\n<p class=\"font_8 wixui-rich-text__text\">Refineria Web SL. I l&#8217;ANUNCIANT no es responsabilitzen del mal \u00fas que es realitzi dels continguts de la p\u00e0gina web.<\/p>\n<p class=\"font_8 wixui-rich-text__text\">Tot i aix\u00f2, tant REFINERIA com l&#8217;ANUNCIANT declaren que han adoptat totes les mesures necess\u00e0ries, dins de les seves possibilitats i de l&#8217;estat de la tecnologia, per garantir el funcionament de la p\u00e0gina web i evitar l&#8217;exist\u00e8ncia i transmissi\u00f3 de virus i altres components perjudicials als usuaris.<\/p>\n<p class=\"font_8 wixui-rich-text__text\">\n            <strong>5. Enlla\u00e7os<\/strong>\n          <\/p>\n<p class=\"font_8 wixui-rich-text__text\">En cas que al lloc web es disposessin enlla\u00e7os o hipervincles feia altres llocs d&#8217;Internet, Refineria Web SL. No exercir\u00e0 cap tipus de control sobre aquests llocs i continguts, no assumint en cap cas cap responsabilitat pels continguts d&#8217;algun enlla\u00e7 pertanyent a un lloc web ali\u00e8.<\/p>\n<p class=\"font_8 wixui-rich-text__text\">\n            <strong>6. Propietat intel\u00b7lectual i industrial<\/strong>\n          <\/p>\n<p class=\"font_8 wixui-rich-text__text\">El Copyright, disseny i creaci\u00f3 de la p\u00e0gina web \u00e9s titularitat de Refineria Web SL. L&#8217;acc\u00e9s gratu\u00eft no implica altres drets o llic\u00e8ncies per a reproducci\u00f3 i\/o distribuci\u00f3 sense la pr\u00e8via autoritzaci\u00f3 expressa del propietari, per la qual cosa, de conformitat amb el que disposen els articles 8 i 32.1, par\u00e0graf segon, de la Llei de propietat intel\u00b7lectual, queden expressament prohibides la reproducci\u00f3, distribuci\u00f3 i comunicaci\u00f3 p\u00fablica de la totalitat o part dels continguts d&#8217;aquesta p\u00e0gina web, amb finalitats comercials, en qualsevol suport i per qualsevol mitj\u00e0 t\u00e8cnic sense pr\u00e8via autoritzaci\u00f3, l&#8217;USUARI es compromet a respectar els drets de propietat intel\u00b7lectual i industrial.<\/p>\n<p class=\"font_8 wixui-rich-text__text\">Les marques, logotips, dissenys, continguts, programes o objectes similars que formen part d&#8217;aquesta p\u00e0gina web estan protegits per lleis de propietat industrial i intel\u00b7lectual. La reproducci\u00f3, distribuci\u00f3, manipulaci\u00f3 o desassemblatge no autoritzat dels codis font, dels algorismes incorporats o de la base de dades, ja sigui total o parcial, donar\u00e0 lloc a greus penalitzacions tant civils com penals i ser\u00e0 objecte de totes les accions judicials que corresponguin en dret.<\/p>\n<p class=\"font_8 wixui-rich-text__text\">\n            <strong>7. Pol\u00edtica de privadesa i protecci\u00f3 de dades<\/strong>\n          <\/p>\n<p class=\"font_8 wixui-rich-text__text\">Refineria Web SL. No \u00e9s responsable de la recollida de dades d&#8217;aquest lloc web, ni ser\u00e0 l&#8217;encarregat del tractament. En virtut del que disposa el Reglament General de Protecci\u00f3 de Dades (RGPD), Reglament UE 2016\/679, relatiu a la protecci\u00f3 de les persones f\u00edsiques pel que fa al tractament de dades personals i a la lliure circulaci\u00f3 d&#8217;aquestes, s&#8217;informa a l&#8217;USUARI que totes les dades demanades mitjan\u00e7ant els diferents formularis que apareixen a la web seran incorporades a un fitxer, creat i mantingut sota la responsabilitat de l&#8217;ANUNCIANT per tal de gestionar l&#8217;enviament de la informaci\u00f3 que sol\u00b7licitin, podent-se elaborar, si cal, un perfil comercial, sobre la base de la informaci\u00f3 facilitada. No es prendran decisions automatitzades en base a aquest perfil. Les dades personals proporcionades es conservaran mentre es mantingui la relaci\u00f3 mercantil, si \u00e9s el cas, i no se sol\u00b7liciti la supressi\u00f3 per l&#8217;interessat.<\/p>\n<p class=\"font_8 wixui-rich-text__text\">Per aix\u00f2, l&#8217;ANUNCIANT sol\u00b7licitar\u00e0 el consentiment de l&#8217;interessat a trav\u00e9s del formulari de recollida de dades per al seu tractament i l&#8217;oferta prospectiva de productes i serveis, estant l&#8217;USUARI legitimat per retirar aquest consentiment en qualsevol moment, aix\u00ed com a exercir els seus drets d&#8217;acc\u00e9s, rectificaci\u00f3, portabilitat i supressi\u00f3 de les vostres dades, i a presentar una reclamaci\u00f3 davant l&#8217;autoritat de control, si considera que el tractament no s&#8217;ajusta a la normativa vigent.<\/p>\n<p class=\"font_8 wixui-rich-text__text\">Els continguts de la p\u00e0gina web estan adre\u00e7ats a persones majors d&#8217;edat, l&#8217;ANUNCIANT no pret\u00e9n obtenir dades de menors d&#8217;edat, i quan tingui coneixement que hi ha al seu fitxer dades de car\u00e0cter personal d&#8217;un menor, procedir\u00e0 immediatament a cancel\u00b7lar-les. Dades.<\/p>\n<p class=\"font_8 wixui-rich-text__text\">\n            <strong>8. Pol\u00edtica de Cookies<\/strong>\n          <\/p>\n<p class=\"font_8 wixui-rich-text__text\">Aquest lloc web pot utilitzar cookies t\u00e8cniques (petits arxius dinformaci\u00f3 que el servidor envia a lordinador de qui accedeix a la p\u00e0gina) per dur a terme determinades funcions que s\u00f3n considerades imprescindibles per al correcte funcionament i visualitzaci\u00f3 del lloc. Les galetes utilitzades tenen, en tot cas, car\u00e0cter temporal, amb l&#8217;\u00fanica finalitat de fer m\u00e9s efica\u00e7 la navegaci\u00f3, i desapareixen en acabar la sessi\u00f3 de l&#8217;usuari. En cap cas, aquestes galetes proporcionen per si mateixes dades de car\u00e0cter personal i no s&#8217;utilitzaran per a la recollida dels mateixos. Aquest lloc web no instal\u00b7lar\u00e0 galetes prescindibles sense el consentiment previ de l&#8217;usuari.<\/p>\n<p class=\"font_8 wixui-rich-text__text\">L&#8217;USUARI t\u00e9 la possibilitat de configurar el vostre navegador per ser alertat de la recepci\u00f3 de cookies i per impedir la seva instal\u00b7laci\u00f3 al vostre equip. Si us plau, consulteu les instruccions del vostre navegador per ampliar aquesta informaci\u00f3.<\/p>\n<p class=\"font_8 wixui-rich-text__text\">\n            <strong>9. Legislaci\u00f3 aplicable i jurisdicci\u00f3<\/strong>\n          <\/p>\n<p class=\"font_8 wixui-rich-text__text\">La relaci\u00f3 amb l&#8217;USUARI es regir\u00e0 per la normativa espanyola vigent i qualsevol controv\u00e8rsia se sotmetr\u00e0 als jutjats i tribunals que correspongui d&#8217;acord amb el dret.<\/p>\n\t\t\t\t\t\t<\/div>\n\t\t\t\t<\/div>\n\t\t\t\t\t<\/div>\n\t\t<\/div>\n\t\t\t\t\t<\/div>\n\t\t<\/section>\n\t\t\t\t<\/div>\n\t\t","protected":false},"excerpt":{"rendered":"<p>Av\u00eds Legal D&#8217;acord amb l&#8217;article 10 de la Llei 34\/2002, d&#8217;11 de juliol, de serveis de la societat de la informaci\u00f3 i de comer\u00e7, s&#8217;informa a l&#8217;usuari que la p\u00e0gina web \u00e9s titularitat de durant el contracte subscrit amb l&#8217;ANUNCIANT Merc\u00e8 Pomar Espai, NIF \/ CIF: 44013102A, amb adre\u00e7a al Carrer \u00c0ngel Ruiz i Pablo [&hellip;]<\/p>\n","protected":false},"author":1,"featured_media":0,"parent":0,"menu_order":0,"comment_status":"closed","ping_status":"closed","template":"elementor_header_footer","meta":{"inline_featured_image":false,"footnotes":""},"class_list":["post-4538","page","type-page","status-publish","hentry"],"_links":{"self":[{"href":"https:\/\/www.mercepomar.com\/ca\/wp-json\/wp\/v2\/pages\/4538"}],"collection":[{"href":"https:\/\/www.mercepomar.com\/ca\/wp-json\/wp\/v2\/pages"}],"about":[{"href":"https:\/\/www.mercepomar.com\/ca\/wp-json\/wp\/v2\/types\/page"}],"author":[{"embeddable":true,"href":"https:\/\/www.mercepomar.com\/ca\/wp-json\/wp\/v2\/users\/1"}],"replies":[{"embeddable":true,"href":"https:\/\/www.mercepomar.com\/ca\/wp-json\/wp\/v2\/comments?post=4538"}],"version-history":[{"count":0,"href":"https:\/\/www.mercepomar.com\/ca\/wp-json\/wp\/v2\/pages\/4538\/revisions"}],"wp:attachment":[{"href":"https:\/\/www.mercepomar.com\/ca\/wp-json\/wp\/v2\/media?parent=4538"}],"curies":[{"name":"wp","href":"https:\/\/api.w.org\/{rel}","templated":true}]}}