{"id":3515,"date":"2023-09-19T07:33:32","date_gmt":"2023-09-19T07:33:32","guid":{"rendered":"https:\/\/www.mercepomar.com\/serveis\/"},"modified":"2024-02-29T09:26:58","modified_gmt":"2024-02-29T09:26:58","slug":"serveis-disponibles","status":"publish","type":"page","link":"https:\/\/www.mercepomar.com\/ca\/serveis-disponibles\/","title":{"rendered":"Serveis"},"content":{"rendered":"\t\t<div data-elementor-type=\"wp-page\" data-elementor-id=\"3515\" class=\"elementor elementor-3515 elementor-2320\" data-elementor-post-type=\"page\">\n\t\t\t\t\t\t<section class=\"elementor-section elementor-top-section elementor-element elementor-element-a3b9702 elementor-section-full_width services-block elementor-section-height-default elementor-section-height-default\" data-id=\"a3b9702\" data-element_type=\"section\" data-settings=\"{&quot;background_background&quot;:&quot;classic&quot;}\">\n\t\t\t\t\t\t<div class=\"elementor-container elementor-column-gap-no\">\n\t\t\t\t\t<div class=\"elementor-column elementor-col-100 elementor-top-column elementor-element elementor-element-133afe8\" data-id=\"133afe8\" data-element_type=\"column\">\n\t\t\t<div class=\"elementor-widget-wrap elementor-element-populated\">\n\t\t\t\t\t\t<div class=\"elementor-element elementor-element-56cb628 elementor-hidden-desktop elementor-hidden-tablet elementor-hidden-mobile elementor-widget elementor-widget-heading\" data-id=\"56cb628\" data-element_type=\"widget\" data-widget_type=\"heading.default\">\n\t\t\t\t<div class=\"elementor-widget-container\">\n\t\t\t<style>\/*! elementor - v3.23.0 - 15-07-2024 *\/\n.elementor-heading-title{padding:0;margin:0;line-height:1}.elementor-widget-heading .elementor-heading-title[class*=elementor-size-]>a{color:inherit;font-size:inherit;line-height:inherit}.elementor-widget-heading .elementor-heading-title.elementor-size-small{font-size:15px}.elementor-widget-heading .elementor-heading-title.elementor-size-medium{font-size:19px}.elementor-widget-heading .elementor-heading-title.elementor-size-large{font-size:29px}.elementor-widget-heading .elementor-heading-title.elementor-size-xl{font-size:39px}.elementor-widget-heading .elementor-heading-title.elementor-size-xxl{font-size:59px}<\/style><h1 class=\"elementor-heading-title elementor-size-default\">Serveis<\/h1>\t\t<\/div>\n\t\t\t\t<\/div>\n\t\t\t\t<div class=\"elementor-element elementor-element-5e62d4d elementor-align-center servicios-merce-pomar elementor-widget elementor-widget-boomdevs-service-post\" data-id=\"5e62d4d\" data-element_type=\"widget\" data-widget_type=\"boomdevs-service-post.default\">\n\t\t\t\t<div class=\"elementor-widget-container\">\n\t\t\t  <div class=\"service-area style-2\">\r\n  \t\t\r\n    <div class=\"container\">\r\n\t\t      \t<div class=\"row justify-content-center\">\r\n        \t<div class=\"col-lg-12\">\r\n          \t\t<div class=\"section-title style-two\">\r\n\t\t\t\t\t\t\t\t\t<h2 class=\"title text-start\">\r\n\t\t\t\t\t\t \r\n\t\t\t\t\t\t<span class=\"under-line\">\r\n\t\t\t\t\t\t\tCom et puc ajudar? \r\n\t\t\t\t\t\t\t\t\t\t\t\t\t<\/span> \r\n\t\t\t\t\t\t\t\t\t\t\t<\/h2>\r\n\t\t\t\t\r\n\t\t\t\t\t\t\t\t\t<p class=\"desc text-center text-md-start\">Al nostre centre de mediaci\u00f3 privat, oferim una \u00e0mplia varietat de serveis per ajudar-te a resoldre conflictes de manera efectiva i eficient.<\/p>\r\n\t\t\t\t          \t<\/div>\r\n        <\/div>\r\n      <\/div>\r\n\t\t\t\t\r\n\r\n      <div class=\"row\">\r\n\t\t\r\n\t\t\t\t\t<div class=\"col-12 col-md-6 col-lg-4\">\r\n\t\t\t\t\t\t<div class=\"icon-card style-six\">\r\n\t\t\t\t\t\t<a href=\"https:\/\/www.mercepomar.com\/ca\/services\/mediacio-i-conciliacio\/\" class=\"icon\">\r\n\t\t\t\t\t\t\t<span class=\"icon-color\"><\/span>\r\n\t\t\t\t\t\t\t<i class=\"icon-commitment\"><\/i>\r\n\t\t\t\t\t\t<\/a>\r\n\t\t\t\t\t\t<div class=\"content\">\r\n\t\t\t\t\t\t\t<a href=\"https:\/\/www.mercepomar.com\/ca\/services\/mediacio-i-conciliacio\/\"><h5 class=\"title\">Mediaci\u00f3 i conciliaci\u00f3<\/h5><\/a>\r\n\t\t\t\t\t\t\t<p class=\"desc\">\r\n\t\t\t\t\t\t\t\tLa mediaci\u00f3 i la conciliaci\u00f3 s\u00f3n dos m\u00e8todes alternatius de resoluci\u00f3 de conflictes que volen facilitar el di\u00e0leg i l'acord entre les parts involucrades.\t\t\t\t\t\t\t<\/p>\r\n\t\t\t\t\t\t\t<p>\r\n\t\t\t\t\t\t\t<a style=\"margin-top: 30px;font-size: 0.9em;text-transform: none;\" class=\"theme-btn style-three\" href=\"https:\/\/www.mercepomar.com\/ca\/services\/mediacio-i-conciliacio\/\">Veure m\u00e9s<\/a>\r\n\t\t\t\t\t\t\t<\/p>\r\n\t\t\t\t\t\t<\/div>\r\n\t\t\t\t\t\t<\/div>\r\n\t\t\t\t\t<\/div>\r\n\t\t\t\t\r\n\t\t\t\t\t<div class=\"col-12 col-md-6 col-lg-4\">\r\n\t\t\t\t\t\t<div class=\"icon-card style-six\">\r\n\t\t\t\t\t\t<a href=\"https:\/\/www.mercepomar.com\/ca\/services\/espai-juridic\/\" class=\"icon\">\r\n\t\t\t\t\t\t\t<span class=\"icon-color\"><\/span>\r\n\t\t\t\t\t\t\t<i class=\"fa-thin fa-scale-balanced\"><\/i>\r\n\t\t\t\t\t\t<\/a>\r\n\t\t\t\t\t\t<div class=\"content\">\r\n\t\t\t\t\t\t\t<a href=\"https:\/\/www.mercepomar.com\/ca\/services\/espai-juridic\/\"><h5 class=\"title\">Espai jur\u00eddic<\/h5><\/a>\r\n\t\t\t\t\t\t\t<p class=\"desc\">\r\n\t\t\t\t\t\t\t\tAcompanyem els nostres clients al llarg de totes les fases del cicle vital que es tracti amb l'enfocament multidisciplinari necessari.\t\t\t\t\t\t\t<\/p>\r\n\t\t\t\t\t\t\t<p>\r\n\t\t\t\t\t\t\t<a style=\"margin-top: 30px;font-size: 0.9em;text-transform: none;\" class=\"theme-btn style-three\" href=\"https:\/\/www.mercepomar.com\/ca\/services\/espai-juridic\/\">Veure m\u00e9s<\/a>\r\n\t\t\t\t\t\t\t<\/p>\r\n\t\t\t\t\t\t<\/div>\r\n\t\t\t\t\t\t<\/div>\r\n\t\t\t\t\t<\/div>\r\n\t\t\t\t\r\n\t\t\t\t\t<div class=\"col-12 col-md-6 col-lg-4\">\r\n\t\t\t\t\t\t<div class=\"icon-card style-six\">\r\n\t\t\t\t\t\t<a href=\"https:\/\/www.mercepomar.com\/ca\/services\/espai-de-coaching\/\" class=\"icon\">\r\n\t\t\t\t\t\t\t<span class=\"icon-color\"><\/span>\r\n\t\t\t\t\t\t\t<i class=\"icon-human-resources\"><\/i>\r\n\t\t\t\t\t\t<\/a>\r\n\t\t\t\t\t\t<div class=\"content\">\r\n\t\t\t\t\t\t\t<a href=\"https:\/\/www.mercepomar.com\/ca\/services\/espai-de-coaching\/\"><h5 class=\"title\">Espai de coaching<\/h5><\/a>\r\n\t\t\t\t\t\t\t<p class=\"desc\">\r\n\t\t\t\t\t\t\t\tDin\u00e0mica d'autoconsci\u00e8ncia, establiment de metes, elaboraci\u00f3 i posada en pr\u00e0ctica de plans d'acci\u00f3, actuant com un element facilitador que afavoreix una din\u00e0mica de transformaci\u00f3 personal i de canvi.\t\t\t\t\t\t\t<\/p>\r\n\t\t\t\t\t\t\t<p>\r\n\t\t\t\t\t\t\t<a style=\"margin-top: 30px;font-size: 0.9em;text-transform: none;\" class=\"theme-btn style-three\" href=\"https:\/\/www.mercepomar.com\/ca\/services\/espai-de-coaching\/\">Veure m\u00e9s<\/a>\r\n\t\t\t\t\t\t\t<\/p>\r\n\t\t\t\t\t\t<\/div>\r\n\t\t\t\t\t\t<\/div>\r\n\t\t\t\t\t<\/div>\r\n\t\t\t\t\r\n\t\t\t\t\t<div class=\"col-12 col-md-6 col-lg-4\">\r\n\t\t\t\t\t\t<div class=\"icon-card style-six\">\r\n\t\t\t\t\t\t<a href=\"https:\/\/www.mercepomar.com\/ca\/services\/espai-formacio\/\" class=\"icon\">\r\n\t\t\t\t\t\t\t<span class=\"icon-color\"><\/span>\r\n\t\t\t\t\t\t\t<i class=\"icon-process-development\"><\/i>\r\n\t\t\t\t\t\t<\/a>\r\n\t\t\t\t\t\t<div class=\"content\">\r\n\t\t\t\t\t\t\t<a href=\"https:\/\/www.mercepomar.com\/ca\/services\/espai-formacio\/\"><h5 class=\"title\">Espai formaci\u00f3<\/h5><\/a>\r\n\t\t\t\t\t\t\t<p class=\"desc\">\r\n\t\t\t\t\t\t\t\tDes del nostre espai dissenyem cada Formaci\u00f3 com un gran projecte amb un objectiu i una metodologia, encara que siguin els participants els que al final determinen com evoluciona i com es desenvolupa.\t\t\t\t\t\t\t<\/p>\r\n\t\t\t\t\t\t\t<p>\r\n\t\t\t\t\t\t\t<a style=\"margin-top: 30px;font-size: 0.9em;text-transform: none;\" class=\"theme-btn style-three\" href=\"https:\/\/www.mercepomar.com\/ca\/services\/espai-formacio\/\">Veure m\u00e9s<\/a>\r\n\t\t\t\t\t\t\t<\/p>\r\n\t\t\t\t\t\t<\/div>\r\n\t\t\t\t\t\t<\/div>\r\n\t\t\t\t\t<\/div>\r\n\t\t\t\t\r\n      <\/div>\r\n    <\/div>\r\n  <\/div>\r\n\r\n  \t\t\t\r\n\t\t\t<\/div>\n\t\t\t\t<\/div>\n\t\t\t\t\t<\/div>\n\t\t<\/div>\n\t\t\t\t\t<\/div>\n\t\t<\/section>\n\t\t\t\t<section class=\"elementor-section elementor-top-section elementor-element elementor-element-871f8fe elementor-section-full_width elementor-section-height-default elementor-section-height-default\" data-id=\"871f8fe\" data-element_type=\"section\">\n\t\t\t\t\t\t<div class=\"elementor-container elementor-column-gap-no\">\n\t\t\t\t\t<div class=\"elementor-column elementor-col-100 elementor-top-column elementor-element elementor-element-accf540\" data-id=\"accf540\" data-element_type=\"column\">\n\t\t\t<div class=\"elementor-widget-wrap elementor-element-populated\">\n\t\t\t\t\t\t<div class=\"elementor-element elementor-element-98ec016 elementor-align-left elementor-widget elementor-widget-bdevs-blog-post\" data-id=\"98ec016\" data-element_type=\"widget\" data-widget_type=\"bdevs-blog-post.default\">\n\t\t\t\t<div class=\"elementor-widget-container\">\n\t\t\t\t\t\t<div class=\"latest-posts-area style-2\">\r\n\t\t\t\t\t\t\t\t<div class=\"container\">\r\n\t\t\t\t\t\t\t\t\t\t<div class=\"row\">\r\n\t\t\t\t\t\t<div class=\"col-lg-12\">\r\n\t\t\t\t\t\t\t<div class=\"section-title style-two mb-64 align-items-start align-items-lg-center \">\r\n\t\t\t\t\t\t\t\t\t\t\t\t\t\t\t\t\t<h2 class=\"title text-start\">\r\n\t\t\t\t\t\t\t\t\t\tNot\u00edcies<br \/>i novetats                            \t\t\t<span class=\"under-line\"> \r\n\t\t\t\t\t\t\t\t\t\t\t \r\n\t\t\t\t\t\t\t\t\t\t\t\t\t\t\t\t\t\t\t\t\t<\/span>\r\n\t\t\t\t\t\t\t\t\t\t                        \t\t\t<\/h2>\r\n\t\t\t\t\t\t\t\t\r\n\t\t\t\t\t\t\t\t\t\t\t\t\t\t\t\t\t<div>\r\n\t\t\t\t\t\t\t\t\t\t<a href=\"\/ca\/noticies\/\" target=\"_blank\" class=\"theme-btn\">Veure m\u00e9s not\u00edcies<\/a>\r\n\t\t\t\t\t\t\t\t\t<\/div>\r\n\t\t\t\t\t\t\t\t\t\t\t\t\t\t\t<\/div>\r\n\t\t\t\t\t\t<\/div>\r\n\t\t\t\t\t<\/div>\r\n\t\t\t\t\t\t\t\t\t\t<div class=\"row\">\r\n\t\t\t\t\t \r\n\t\t\t\t\t<\/div>\r\n\t\t\t\t<\/div>\r\n\t\t\t<\/div>\r\n\r\n\t\t\t\t\t<\/div>\n\t\t\t\t<\/div>\n\t\t\t\t<div class=\"elementor-element elementor-element-ebdbd93 elementor-grid-3 elementor-grid-tablet-2 elementor-grid-mobile-1 elementor-posts--thumbnail-top elementor-card-shadow-yes elementor-posts__hover-gradient elementor-widget elementor-widget-posts\" data-id=\"ebdbd93\" data-element_type=\"widget\" data-settings=\"{&quot;pagination_type&quot;:&quot;numbers&quot;,&quot;cards_columns&quot;:&quot;3&quot;,&quot;cards_columns_tablet&quot;:&quot;2&quot;,&quot;cards_columns_mobile&quot;:&quot;1&quot;,&quot;cards_row_gap&quot;:{&quot;unit&quot;:&quot;px&quot;,&quot;size&quot;:35,&quot;sizes&quot;:[]},&quot;cards_row_gap_tablet&quot;:{&quot;unit&quot;:&quot;px&quot;,&quot;size&quot;:&quot;&quot;,&quot;sizes&quot;:[]},&quot;cards_row_gap_mobile&quot;:{&quot;unit&quot;:&quot;px&quot;,&quot;size&quot;:&quot;&quot;,&quot;sizes&quot;:[]}}\" data-widget_type=\"posts.cards\">\n\t\t\t\t<div class=\"elementor-widget-container\">\n\t\t\t<link rel=\"stylesheet\" href=\"https:\/\/www.mercepomar.com\/wp-content\/plugins\/elementor-pro\/assets\/css\/widget-posts.min.css\">\t\t<div class=\"elementor-posts-container elementor-posts elementor-posts--skin-cards elementor-grid\">\n\t\t\t\t<article class=\"elementor-post elementor-grid-item post-5001 post type-post status-publish format-standard has-post-thumbnail hentry category-noticies\">\n\t\t\t<div class=\"elementor-post__card\">\n\t\t\t\t<a class=\"elementor-post__thumbnail__link\" href=\"https:\/\/www.mercepomar.com\/ca\/el-repte-deducar-fills-digitals\/\" tabindex=\"-1\" ><div class=\"elementor-post__thumbnail\"><img fetchpriority=\"high\" decoding=\"async\" width=\"1797\" height=\"1199\" src=\"https:\/\/www.mercepomar.com\/wp-content\/uploads\/2024\/02\/educar-hijos-digitalmente-2.jpg\" class=\"attachment-full size-full wp-image-5012\" alt=\"Educar hijos digitalmente 2\" srcset=\"https:\/\/www.mercepomar.com\/wp-content\/uploads\/2024\/02\/educar-hijos-digitalmente-2.jpg 1797w, https:\/\/www.mercepomar.com\/wp-content\/uploads\/2024\/02\/educar-hijos-digitalmente-2-300x200.jpg 300w, https:\/\/www.mercepomar.com\/wp-content\/uploads\/2024\/02\/educar-hijos-digitalmente-2-1024x683.jpg 1024w, https:\/\/www.mercepomar.com\/wp-content\/uploads\/2024\/02\/educar-hijos-digitalmente-2-768x512.jpg 768w, https:\/\/www.mercepomar.com\/wp-content\/uploads\/2024\/02\/educar-hijos-digitalmente-2-1536x1025.jpg 1536w\" sizes=\"(max-width: 1797px) 100vw, 1797px\" \/><\/div><\/a>\n\t\t\t\t<div class=\"elementor-post__text\">\n\t\t\t\t<h3 class=\"elementor-post__title\">\n\t\t\t<a href=\"https:\/\/www.mercepomar.com\/ca\/el-repte-deducar-fills-digitals\/\" >\n\t\t\t\tEl repte d&#8217;educar fills digitals.\t\t\t<\/a>\n\t\t<\/h3>\n\t\t\t\t<div class=\"elementor-post__excerpt\">\n\t\t\t<p>Al setembre es torna a iniciar el curs escolar i tot all\u00f2 que aix\u00f2 comporta.<\/p>\n\t\t<\/div>\n\t\t\t\t\t<div class=\"elementor-post__read-more-wrapper\">\n\t\t\n\t\t<a class=\"elementor-post__read-more\" href=\"https:\/\/www.mercepomar.com\/ca\/el-repte-deducar-fills-digitals\/\" aria-label=\"Read more about El repte d&#8217;educar fills digitals.\" tabindex=\"-1\" >\n\t\t\tLlegir m\u00e9s &gt;\t\t<\/a>\n\n\t\t\t\t\t<\/div>\n\t\t\t\t<\/div>\n\t\t\t\t\t<\/div>\n\t\t<\/article>\n\t\t\t\t<article class=\"elementor-post elementor-grid-item post-5131 post type-post status-publish format-standard has-post-thumbnail hentry category-noticies\">\n\t\t\t<div class=\"elementor-post__card\">\n\t\t\t\t<a class=\"elementor-post__thumbnail__link\" href=\"https:\/\/www.mercepomar.com\/ca\/adolescents-enganxats-a-la-pornografia\/\" tabindex=\"-1\" ><div class=\"elementor-post__thumbnail\"><img decoding=\"async\" width=\"1500\" height=\"1000\" src=\"https:\/\/www.mercepomar.com\/wp-content\/uploads\/2024\/02\/adolescentes-enganchados-pornografia.jpg\" class=\"attachment-full size-full wp-image-5133\" alt=\"Adolescentes enganchados pornografia\" srcset=\"https:\/\/www.mercepomar.com\/wp-content\/uploads\/2024\/02\/adolescentes-enganchados-pornografia.jpg 1500w, https:\/\/www.mercepomar.com\/wp-content\/uploads\/2024\/02\/adolescentes-enganchados-pornografia-300x200.jpg 300w, https:\/\/www.mercepomar.com\/wp-content\/uploads\/2024\/02\/adolescentes-enganchados-pornografia-1024x683.jpg 1024w, https:\/\/www.mercepomar.com\/wp-content\/uploads\/2024\/02\/adolescentes-enganchados-pornografia-768x512.jpg 768w\" sizes=\"(max-width: 1500px) 100vw, 1500px\" \/><\/div><\/a>\n\t\t\t\t<div class=\"elementor-post__text\">\n\t\t\t\t<h3 class=\"elementor-post__title\">\n\t\t\t<a href=\"https:\/\/www.mercepomar.com\/ca\/adolescents-enganxats-a-la-pornografia\/\" >\n\t\t\t\tAdolescents enganxats a la pornografia?\t\t\t<\/a>\n\t\t<\/h3>\n\t\t\t\t<div class=\"elementor-post__excerpt\">\n\t\t\t<p>Existeix l&#8217;addicci\u00f3 a la pornografia? Est\u00e0 sent un problema de salut mental la creixent prevalen\u00e7a<\/p>\n\t\t<\/div>\n\t\t\t\t\t<div class=\"elementor-post__read-more-wrapper\">\n\t\t\n\t\t<a class=\"elementor-post__read-more\" href=\"https:\/\/www.mercepomar.com\/ca\/adolescents-enganxats-a-la-pornografia\/\" aria-label=\"Read more about Adolescents enganxats a la pornografia?\" tabindex=\"-1\" >\n\t\t\tLlegir m\u00e9s &gt;\t\t<\/a>\n\n\t\t\t\t\t<\/div>\n\t\t\t\t<\/div>\n\t\t\t\t\t<\/div>\n\t\t<\/article>\n\t\t\t\t<article class=\"elementor-post elementor-grid-item post-5031 post type-post status-publish format-standard has-post-thumbnail hentry category-noticies\">\n\t\t\t<div class=\"elementor-post__card\">\n\t\t\t\t<a class=\"elementor-post__thumbnail__link\" href=\"https:\/\/www.mercepomar.com\/ca\/fem-una-mirada-critica-a-la-prevencio-del-suicidi-en-adolescents\/\" tabindex=\"-1\" ><div class=\"elementor-post__thumbnail\"><img decoding=\"async\" width=\"1280\" height=\"914\" src=\"https:\/\/www.mercepomar.com\/wp-content\/uploads\/2024\/02\/prevencion-suicidio.jpg\" class=\"attachment-full size-full wp-image-5040\" alt=\"Prevenci\u00f3n suicidio adolescentes\" srcset=\"https:\/\/www.mercepomar.com\/wp-content\/uploads\/2024\/02\/prevencion-suicidio.jpg 1280w, https:\/\/www.mercepomar.com\/wp-content\/uploads\/2024\/02\/prevencion-suicidio-300x214.jpg 300w, https:\/\/www.mercepomar.com\/wp-content\/uploads\/2024\/02\/prevencion-suicidio-1024x731.jpg 1024w, https:\/\/www.mercepomar.com\/wp-content\/uploads\/2024\/02\/prevencion-suicidio-768x548.jpg 768w\" sizes=\"(max-width: 1280px) 100vw, 1280px\" \/><\/div><\/a>\n\t\t\t\t<div class=\"elementor-post__text\">\n\t\t\t\t<h3 class=\"elementor-post__title\">\n\t\t\t<a href=\"https:\/\/www.mercepomar.com\/ca\/fem-una-mirada-critica-a-la-prevencio-del-suicidi-en-adolescents\/\" >\n\t\t\t\tFem una mirada cr\u00edtica a la prevenci\u00f3 del su\u00efcidi en adolescents.\t\t\t<\/a>\n\t\t<\/h3>\n\t\t\t\t<div class=\"elementor-post__excerpt\">\n\t\t\t<p>La mediaci\u00f3 \u00e9s una eina alternativa de gestionar els conflictes que t\u00e9 en compte en<\/p>\n\t\t<\/div>\n\t\t\t\t\t<div class=\"elementor-post__read-more-wrapper\">\n\t\t\n\t\t<a class=\"elementor-post__read-more\" href=\"https:\/\/www.mercepomar.com\/ca\/fem-una-mirada-critica-a-la-prevencio-del-suicidi-en-adolescents\/\" aria-label=\"Read more about Fem una mirada cr\u00edtica a la prevenci\u00f3 del su\u00efcidi en adolescents.\" tabindex=\"-1\" >\n\t\t\tLlegir m\u00e9s &gt;\t\t<\/a>\n\n\t\t\t\t\t<\/div>\n\t\t\t\t<\/div>\n\t\t\t\t\t<\/div>\n\t\t<\/article>\n\t\t\t\t<\/div>\n\t\t\n\t\t\t\t<div class=\"e-load-more-anchor\" data-page=\"1\" data-max-page=\"5\" data-next-page=\"https:\/\/www.mercepomar.com\/ca\/wp-json\/wp\/v2\/pages\/3515\/page\/2\/\"><\/div>\n\t\t\t\t<nav class=\"elementor-pagination\" aria-label=\"Paginaci\u00f3\">\n\t\t\t<span aria-current=\"page\" class=\"page-numbers current\"><span class=\"elementor-screen-only\">P\u00e0gina<\/span>1<\/span>\n<a class=\"page-numbers\" href=\"https:\/\/www.mercepomar.com\/ca\/wp-json\/wp\/v2\/pages\/3515\/page\/2\/\"><span class=\"elementor-screen-only\">P\u00e0gina<\/span>2<\/a>\n<a class=\"page-numbers\" href=\"https:\/\/www.mercepomar.com\/ca\/wp-json\/wp\/v2\/pages\/3515\/page\/3\/\"><span class=\"elementor-screen-only\">P\u00e0gina<\/span>3<\/a>\n<a class=\"page-numbers\" href=\"https:\/\/www.mercepomar.com\/ca\/wp-json\/wp\/v2\/pages\/3515\/page\/4\/\"><span class=\"elementor-screen-only\">P\u00e0gina<\/span>4<\/a>\t\t<\/nav>\n\t\t\t\t<\/div>\n\t\t\t\t<\/div>\n\t\t\t\t\t<\/div>\n\t\t<\/div>\n\t\t\t\t\t<\/div>\n\t\t<\/section>\n\t\t\t\t<section class=\"elementor-section elementor-top-section elementor-element elementor-element-d17515e elementor-section-full_width elementor-section-stretched elementor-section-height-default elementor-section-height-default\" data-id=\"d17515e\" data-element_type=\"section\" data-settings=\"{&quot;background_background&quot;:&quot;classic&quot;,&quot;stretch_section&quot;:&quot;section-stretched&quot;}\">\n\t\t\t\t\t\t<div class=\"elementor-container elementor-column-gap-default\">\n\t\t\t\t\t<div class=\"elementor-column elementor-col-100 elementor-top-column elementor-element elementor-element-5f6c758\" data-id=\"5f6c758\" data-element_type=\"column\">\n\t\t\t<div class=\"elementor-widget-wrap elementor-element-populated\">\n\t\t\t\t\t\t<section class=\"elementor-section elementor-inner-section elementor-element elementor-element-e54972d elementor-section-boxed elementor-section-height-default elementor-section-height-default\" data-id=\"e54972d\" data-element_type=\"section\">\n\t\t\t\t\t\t<div class=\"elementor-container elementor-column-gap-wider\">\n\t\t\t\t\t<div class=\"elementor-column elementor-col-100 elementor-inner-column elementor-element elementor-element-bd0d240\" data-id=\"bd0d240\" data-element_type=\"column\">\n\t\t\t<div class=\"elementor-widget-wrap elementor-element-populated\">\n\t\t\t\t\t\t<div class=\"elementor-element elementor-element-2edcc0e elementor-align-left elementor-widget elementor-widget-bdevs-contact\" data-id=\"2edcc0e\" data-element_type=\"widget\" data-widget_type=\"bdevs-contact.default\">\n\t\t\t\t<div class=\"elementor-widget-container\">\n\t\t\t\r\n\t<div class=\"contact-form-area\">\r\n\t\t\t\t\t<div class=\"sketch\" style=\" background-image: url()\"><\/div>\r\n\t\t        \r\n        <div class=\"container\">\r\n            <div class=\"row\">\r\n\r\n\t\t\t\t\t\t\t\t\t<div class=\"col-lg-6\">\r\n\t\t\t\t\t\t<div class=\"section-title\">\t\r\n\t\t\t\t\t\t\t\t\t\t\t\t\t\t\t<h2 class=\"title text-start\">\r\n\t\t\t\t\t\t\t\t\t\t\t\t\t\t\t\t\t\t<span class=\"under-line\"> \r\n\t\t\t\t\t\t\t\t\t\tT'agradaria millorar la teva vida personal o professional? \r\n\t\t\t\t\t\t\t\t\t\t\t\t\t\t\t\t\t\t\t\t\t<img decoding=\"async\" src=\"\" alt=\"under-line\" \/>\r\n\t\t\t\t\t\t\t\t\t\t\t\t\t\t\t\t\t\t\t<\/span>\r\n\t\t\t\t\t\t\t\t\t\t\t\t\t\t\t\t\t<\/h2>\r\n\t\t\t\t\t\t\t\r\n\t\t\t\t\t\t\t\t\t\t\t\t\t\t\t<p class=\"text-start\"><p>Vols aprendre a gestionar millor les teves emocions, les teves relacions i els teus objectius? Si la resposta \u00e9s s\u00ed, ets al lloc adequat.<\/p>\n<p>Si vols saber m\u00e9s sobre mi i sobre com et puc acompanyar en el teu proc\u00e9s de creixement, t'invito que omplis el formulari de contacte que trobar\u00e0s a continuaci\u00f3.<\/p><\/p>\r\n\t\t\t\t\t\t\t\r\n\t\t\t\t\t\t\t\t\t\t\t\t\t<\/div>\r\n\t\t\t\t\t<\/div>\r\n\t\t\t\t\r\n                <div class=\"col-lg-6\">\r\n                    <div class=\"comment-respond style-two mt-48 mt-lg-0\">\r\n                        \n<div class=\"wpcf7 no-js\" id=\"wpcf7-f3547-o1\" lang=\"ca\" dir=\"ltr\">\n<div class=\"screen-reader-response\"><p role=\"status\" aria-live=\"polite\" aria-atomic=\"true\"><\/p> <ul><\/ul><\/div>\n<form action=\"\/ca\/wp-json\/wp\/v2\/pages\/3515#wpcf7-f3547-o1\" method=\"post\" class=\"wpcf7-form init\" aria-label=\"Formulari de contacte\" novalidate=\"novalidate\" data-status=\"init\">\n<div style=\"display: none;\">\n<input type=\"hidden\" name=\"_wpcf7\" value=\"3547\" \/>\n<input type=\"hidden\" name=\"_wpcf7_version\" value=\"5.9.7\" \/>\n<input type=\"hidden\" name=\"_wpcf7_locale\" value=\"ca\" \/>\n<input type=\"hidden\" name=\"_wpcf7_unit_tag\" value=\"wpcf7-f3547-o1\" \/>\n<input type=\"hidden\" name=\"_wpcf7_container_post\" value=\"0\" \/>\n<input type=\"hidden\" name=\"_wpcf7_posted_data_hash\" value=\"\" \/>\n<input type=\"hidden\" name=\"_wpcf7_recaptcha_response\" value=\"\" \/>\n<\/div>\n<p><label> <span class=\"wpcf7-form-control-wrap\" data-name=\"your-name\"><input size=\"40\" maxlength=\"400\" class=\"wpcf7-form-control wpcf7-text wpcf7-validates-as-required\" autocomplete=\"name\" aria-required=\"true\" aria-invalid=\"false\" placeholder=\"El teu nom\" value=\"\" type=\"text\" name=\"your-name\" \/><\/span> <\/label><br \/>\n<label> <span class=\"wpcf7-form-control-wrap\" data-name=\"your-email\"><input size=\"40\" maxlength=\"400\" class=\"wpcf7-form-control wpcf7-email wpcf7-validates-as-required wpcf7-text wpcf7-validates-as-email\" autocomplete=\"email\" aria-required=\"true\" aria-invalid=\"false\" placeholder=\"El teu correu electr\u00f2nic\" value=\"\" type=\"email\" name=\"your-email\" \/><\/span> <\/label><br \/>\n<label> <span class=\"wpcf7-form-control-wrap\" data-name=\"your-phone\"><input size=\"40\" maxlength=\"400\" class=\"wpcf7-form-control wpcf7-tel wpcf7-validates-as-required wpcf7-text wpcf7-validates-as-tel\" aria-required=\"true\" aria-invalid=\"false\" placeholder=\"Tel\u00e8fon\" value=\"\" type=\"tel\" name=\"your-phone\" \/><\/span> <\/label><br \/>\n<label> <span class=\"wpcf7-form-control-wrap\" data-name=\"your-message\"><textarea cols=\"40\" rows=\"10\" maxlength=\"2000\" class=\"wpcf7-form-control wpcf7-textarea\" aria-invalid=\"false\" placeholder=\"El teu missatge (opcional)\" name=\"your-message\"><\/textarea><\/span> <\/label>\n<\/p>\n<p><span class=\"wpcf7-form-control-wrap\" data-name=\"acceptance-969\"><span class=\"wpcf7-form-control wpcf7-acceptance\"><span class=\"wpcf7-list-item\"><label><input type=\"checkbox\" name=\"acceptance-969\" value=\"1\" aria-invalid=\"false\" \/><span class=\"wpcf7-list-item-label\">Accepto <a href=\"\/ca\/declaracio-de-privadesa\/\" target=\"_blank\">pol\u00edtica de privadesa<\/a> i <a href=\"\/ca\/declaracio-de-privadesa\/\" target=\"_blank\">protecci\u00f3 de dades<\/a><\/span><\/label><\/span><\/span><\/span><br \/>\n<input class=\"wpcf7-form-control wpcf7-submit has-spinner\" type=\"submit\" value=\"Enviar\" \/>\n<\/p><div class=\"wpcf7-response-output\" aria-hidden=\"true\"><\/div>\n<\/form>\n<\/div>\n                    <\/div>\r\n                <\/div>\r\n            <\/div>\r\n        <\/div>\r\n    <\/div>\r\n\r\n\t\t\t<\/div>\n\t\t\t\t<\/div>\n\t\t\t\t\t<\/div>\n\t\t<\/div>\n\t\t\t\t\t<\/div>\n\t\t<\/section>\n\t\t\t\t\t<\/div>\n\t\t<\/div>\n\t\t\t\t\t<\/div>\n\t\t<\/section>\n\t\t\t\t<\/div>\n\t\t","protected":false},"excerpt":{"rendered":"<p>Serveis Com et puc ajudar? Al nostre centre de mediaci\u00f3 privat, oferim una \u00e0mplia varietat de serveis per ajudar-te a resoldre conflictes de manera efectiva i eficient. Espacio formaci\u00f3n Desde nuestro espacio dise\u00f1amos cada Formaci\u00f3n como un gran proyecto con un objetivo y una metodolog\u00eda, aunque sean los participantes los que al final determinan como [&hellip;]<\/p>\n","protected":false},"author":1,"featured_media":0,"parent":0,"menu_order":0,"comment_status":"closed","ping_status":"closed","template":"elementor_header_footer","meta":{"inline_featured_image":false,"footnotes":""},"class_list":["post-3515","page","type-page","status-publish","hentry"],"_links":{"self":[{"href":"https:\/\/www.mercepomar.com\/ca\/wp-json\/wp\/v2\/pages\/3515"}],"collection":[{"href":"https:\/\/www.mercepomar.com\/ca\/wp-json\/wp\/v2\/pages"}],"about":[{"href":"https:\/\/www.mercepomar.com\/ca\/wp-json\/wp\/v2\/types\/page"}],"author":[{"embeddable":true,"href":"https:\/\/www.mercepomar.com\/ca\/wp-json\/wp\/v2\/users\/1"}],"replies":[{"embeddable":true,"href":"https:\/\/www.mercepomar.com\/ca\/wp-json\/wp\/v2\/comments?post=3515"}],"version-history":[{"count":0,"href":"https:\/\/www.mercepomar.com\/ca\/wp-json\/wp\/v2\/pages\/3515\/revisions"}],"wp:attachment":[{"href":"https:\/\/www.mercepomar.com\/ca\/wp-json\/wp\/v2\/media?parent=3515"}],"curies":[{"name":"wp","href":"https:\/\/api.w.org\/{rel}","templated":true}]}}