{"id":3487,"date":"2023-12-11T14:59:55","date_gmt":"2023-12-11T14:59:55","guid":{"rendered":"https:\/\/www.mercepomar.com\/declaracio-daccessibilitat\/"},"modified":"2024-01-31T13:39:43","modified_gmt":"2024-01-31T13:39:43","slug":"declaracio-daccessibilitat","status":"publish","type":"page","link":"https:\/\/www.mercepomar.com\/ca\/declaracio-daccessibilitat\/","title":{"rendered":"Declaraci\u00f3 d&#8217;accessibilitat"},"content":{"rendered":"\n<p>Merc\u00e8 Pomar es compromet a fer accessible <a href=\"https:\/\/mercepomar.com\">mercepomar.com<\/a>, d&#8217;acord amb el Reial Decret 1112\/2018, del 7 de setembre, sobre accessibilitat dels llocs web i aplicacions del sector p\u00fablic per a dispositius m\u00f2bils.<\/p>\n\n<p>Aquesta declaraci\u00f3 d&#8217;accessibilitat \u00e9s aplicable al lloc web <a href=\"https:\/\/mercepomar.com\">mercepomar.com<\/a>,<\/p>\n\n<p>Aquest lloc web compleix \u00edntegrament el RD 1112\/2018.<\/p>\n","protected":false},"excerpt":{"rendered":"<p>Merc\u00e8 Pomar es compromet a fer accessible mercepomar.com, d&#8217;acord amb el Reial Decret 1112\/2018, del 7 de setembre, sobre accessibilitat dels llocs web i aplicacions del sector p\u00fablic per a dispositius m\u00f2bils. Aquesta declaraci\u00f3 d&#8217;accessibilitat \u00e9s aplicable al lloc web mercepomar.com, Aquest lloc web compleix \u00edntegrament el RD 1112\/2018.<\/p>\n","protected":false},"author":1,"featured_media":0,"parent":0,"menu_order":0,"comment_status":"closed","ping_status":"closed","template":"","meta":{"inline_featured_image":false,"footnotes":""},"class_list":["post-3487","page","type-page","status-publish","hentry"],"_links":{"self":[{"href":"https:\/\/www.mercepomar.com\/ca\/wp-json\/wp\/v2\/pages\/3487"}],"collection":[{"href":"https:\/\/www.mercepomar.com\/ca\/wp-json\/wp\/v2\/pages"}],"about":[{"href":"https:\/\/www.mercepomar.com\/ca\/wp-json\/wp\/v2\/types\/page"}],"author":[{"embeddable":true,"href":"https:\/\/www.mercepomar.com\/ca\/wp-json\/wp\/v2\/users\/1"}],"replies":[{"embeddable":true,"href":"https:\/\/www.mercepomar.com\/ca\/wp-json\/wp\/v2\/comments?post=3487"}],"version-history":[{"count":0,"href":"https:\/\/www.mercepomar.com\/ca\/wp-json\/wp\/v2\/pages\/3487\/revisions"}],"wp:attachment":[{"href":"https:\/\/www.mercepomar.com\/ca\/wp-json\/wp\/v2\/media?parent=3487"}],"curies":[{"name":"wp","href":"https:\/\/api.w.org\/{rel}","templated":true}]}}